{"id":2,"date":"2025-02-12T06:29:59","date_gmt":"2025-02-12T06:29:59","guid":{"rendered":"https:\/\/www.atakoc.com.tr\/tr\/?page_id=2"},"modified":"2025-02-12T08:22:55","modified_gmt":"2025-02-12T08:22:55","slug":"belgelerimiz","status":"publish","type":"page","link":"https:\/\/www.atakoc.com.tr\/tr\/belgelerimiz\/","title":{"rendered":"belgelerimiz"},"content":{"rendered":"<p>[vc_row content_placement=&#8221;middle&#8221; css=&#8221;.vc_custom_1609935504167{margin-bottom: 35px !important;padding-top: 120px !important;}&#8221; el_class=&#8221;z-index-2&#8243; responsive_css=&#8221;margin_bottom_medium:-60px&#8221;][vc_column offset=&#8221;vc_col-md-7&#8243; responsive_css=&#8221;margin_bottom_medium:0px&#8221; css=&#8221;.vc_custom_1610189131952{margin-bottom: 20px !important;}&#8221;]<style>.ld_fancy_heading_69f4bb77dc47f h6{color:rgb(0, 0, 0);}.ld_fancy_heading_69f4bb77dc47f h6 {font-size:10px; } .ld_fancy_heading_69f4bb77dc47f h6 {font-weight:700; } .ld_fancy_heading_69f4bb77dc47f h6 {letter-spacing:0.08em; } .ld_fancy_heading_69f4bb77dc47f h6 {margin-bottom:2em !important;  } .ld_fancy_heading_69f4bb77dc47f .lqd-highlight-inner{height:0.275em!important;bottom:0px!important;}.ld_fancy_heading_69f4bb77dc47f h6 {font-size:10px; } .ld_fancy_heading_69f4bb77dc47f h6 {font-weight:700; } .ld_fancy_heading_69f4bb77dc47f h6 {letter-spacing:0.08em; } .ld_fancy_heading_69f4bb77dc47f h6 {margin-bottom:2em !important;  } <\/style><div class=\"ld-fancy-heading text-uppercase ld_fancy_heading_69f4bb77dc47f\">\n\t<h6 class=\"ld-fh-element lqd-highlight-underline lqd-highlight-grow-left text-decoration-default\"   >  BELGELER\u0130M\u0130Z<\/h6><\/div><style>.ld_fancy_heading_69f4bb77dca7a h2 {font-size:22vw; } @media (min-width: 768px) { .ld_fancy_heading_69f4bb77dca7a h2 {font-size:132px; }  } .ld_fancy_heading_69f4bb77dca7a h2 {line-height:0.85em; } .ld_fancy_heading_69f4bb77dca7a h2 {--element-line-height:0.85em; } .ld_fancy_heading_69f4bb77dca7a h2 {font-weight:500; } .ld_fancy_heading_69f4bb77dca7a h2 {letter-spacing:-0.04em; } .ld_fancy_heading_69f4bb77dca7a h2 {margin-bottom:0px !important;  } .ld_fancy_heading_69f4bb77dca7a .lqd-highlight-inner{height:0.275em!important;bottom:0px!important;}.ld_fancy_heading_69f4bb77dca7a h2 {font-size:22vw; } @media (min-width: 768px) { .ld_fancy_heading_69f4bb77dca7a h2 {font-size:132px; }  } .ld_fancy_heading_69f4bb77dca7a h2 {line-height:0.85em; } .ld_fancy_heading_69f4bb77dca7a h2 {--element-line-height:0.85em; } .ld_fancy_heading_69f4bb77dca7a h2 {font-weight:500; } .ld_fancy_heading_69f4bb77dca7a h2 {letter-spacing:-0.04em; } .ld_fancy_heading_69f4bb77dca7a h2 {margin-bottom:0px !important;  } <\/style><div class=\"ld-fancy-heading ld_fancy_heading_69f4bb77dca7a\">\n\t<h2 class=\"ld-fh-element lqd-highlight-underline lqd-highlight-grow-left text-decoration-default\"   >  Atako\u00e7<br \/>Kal\u0131p<\/h2><\/div>[\/vc_column][vc_column offset=&#8221;vc_col-md-4&#8243;][\/vc_column][\/vc_row][vc_row luminosity=&#8221;dark&#8221; parallax=&#8221;enable_parallax&#8221; bg_position=&#8221;center center&#8221; css=&#8221;.vc_custom_1610189269271{padding-top: 200px !important;padding-bottom: 200px !important;background-image: url(https:\/\/architecturehub.liquid-themes.com\/staging\/wp-content\/uploads\/2021\/01\/tree-grass-architecture-house-perspective-building-1099275-pxhere.com@2x.jpg?id=4593) !important;background-position: center;background-repeat: no-repeat;background-size:cover;}&#8221; responsive_css=&#8221;padding_top_medium:315px|padding_bottom_medium:315px|padding_top_small:275px|padding_bottom_small:275px&#8221;][vc_column][\/vc_column][\/vc_row][vc_row][vc_column][\/vc_column][\/vc_row][vc_row][vc_column]<style>.ld_fancy_heading_69f4bb77dd0c1 .lqd-highlight-inner{height:0.275em!important;bottom:0px!important;}<\/style><div class=\"ld-fancy-heading ld_fancy_heading_69f4bb77dd0c1\">\n\t<h1 class=\"ld-fh-element lqd-highlight-underline lqd-highlight-grow-left text-decoration-default\"   >  Belgelerimiz<\/h1><\/div>[\/vc_column][\/vc_row][vc_row][vc_column][vc_column_text]<\/p>\n<div class=\"vc_row wpb_row vc_row-fluid\">\n<div class=\"wpb_column vc_column_container vc_col-sm-12\">\n<div class=\"vc_column-inner\">\n<div class=\"wpb_wrapper\">\n<div class=\"wpb_text_column wpb_content_element \">\n<div class=\"wpb_wrapper\">\n<p><strong>Atako\u00e7 Kal\u0131p<\/strong>\u00a0 , ta\u015f\u0131d\u0131\u011f\u0131 g\u00fc\u00e7l\u00fc sorumluluk duygusuyla, i\u015f g\u00fcvenli\u011fini sa\u011flamak i\u00e7in t\u00fcm gereklilikleri yerine getiren bir firma olman\u0131n gururunu ya\u015famaktad\u0131r. \u0130nsana verilen de\u011ferin en \u00fcst\u00fcn de\u011fer oldu\u011funun bilincinde olarak, ko\u015ful ve mekan g\u00f6zetmeksizin g\u00fcvenli\u011fi sa\u011flamakta ve t\u00fcm denetimlerden ba\u015far\u0131yla ge\u00e7mektedir.<\/p>\n<p>\u0130\u015f G\u00fcvenli\u011fi kavram\u0131n\u0131, \u00e7al\u0131\u015fan ve m\u00fc\u015fteri mutlulu\u011fu ile ekolojik \u00e7evreyi korumak olarak geni\u015f bir anlamda ele alarak faaliyet g\u00f6steren bir firma olan <strong>Atako\u00e7 Kal\u0131p<\/strong>, di\u011fer rakipleri ile olan farkl\u0131l\u0131\u011f\u0131n\u0131 hizmet felsefesi ve ald\u0131\u011f\u0131 belgelerle ortaya koymaktad\u0131r.<\/p>\n<\/div>\n<\/div>\n<\/div>\n<\/div>\n<\/div>\n<\/div>\n<p>[\/vc_column_text][\/vc_column][\/vc_row][vc_row][vc_column]<style>.ld_spacer_69f4bb77dd2b4{height:50px;}<\/style>\n<div class=\"ld-empty-space ld_spacer_69f4bb77dd2b4\"><\/div>[\/vc_column][\/vc_row]<\/p>\n","protected":false},"excerpt":{"rendered":"<p>[vc_row content_placement=&#8221;middle&#8221; css=&#8221;.vc_custom_1609935504167{margin-bottom: 35px !important;padding-top: 120px !important;}&#8221; el_class=&#8221;z-index-2&#8243; responsive_css=&#8221;margin_bottom_medium:-60px&#8221;][vc_column offset=&#8221;vc_col-md-7&#8243; responsive_css=&#8221;margin_bottom_medium:0px&#8221; css=&#8221;.vc_custom_1610189131952{margin-bottom: 20px !important;}&#8221;][\/vc_column][vc_column offset=&#8221;vc_col-md-4&#8243;][\/vc_column][\/vc_row][vc_row luminosity=&#8221;dark&#8221; parallax=&#8221;enable_parallax&#8221; bg_position=&#8221;center center&#8221; css=&#8221;.vc_custom_1610189269271{padding-top: 200px !important;padding-bottom: 200px !important;background-image: url(https:\/\/architecturehub.liquid-themes.com\/staging\/wp-content\/uploads\/2021\/01\/tree-grass-architecture-house-perspective-building-1099275-pxhere.com@2x.jpg?id=4593) !important;background-position: center;background-repeat: no-repeat;background-size:cover;}&#8221; responsive_css=&#8221;padding_top_medium:315px|padding_bottom_medium:315px|padding_top_small:275px|padding_bottom_small:275px&#8221;][vc_column][\/vc_column][\/vc_row][vc_row][vc_column][\/vc_column][\/vc_row][vc_row][vc_column][\/vc_column][\/vc_row][vc_row][vc_column][vc_column_text] Atako\u00e7 Kal\u0131p\u00a0 , ta\u015f\u0131d\u0131\u011f\u0131 g\u00fc\u00e7l\u00fc sorumluluk duygusuyla, i\u015f g\u00fcvenli\u011fini sa\u011flamak i\u00e7in t\u00fcm gereklilikleri yerine getiren bir firma olman\u0131n gururunu ya\u015famaktad\u0131r. \u0130nsana verilen de\u011ferin en \u00fcst\u00fcn de\u011fer [&hellip;]<\/p>\n","protected":false},"author":1,"featured_media":0,"parent":0,"menu_order":0,"comment_status":"closed","ping_status":"closed","template":"","meta":{"footnotes":""},"class_list":["post-2","page","type-page","status-publish","hentry"],"_links":{"self":[{"href":"https:\/\/www.atakoc.com.tr\/tr\/wp-json\/wp\/v2\/pages\/2","targetHints":{"allow":["GET"]}}],"collection":[{"href":"https:\/\/www.atakoc.com.tr\/tr\/wp-json\/wp\/v2\/pages"}],"about":[{"href":"https:\/\/www.atakoc.com.tr\/tr\/wp-json\/wp\/v2\/types\/page"}],"author":[{"embeddable":true,"href":"https:\/\/www.atakoc.com.tr\/tr\/wp-json\/wp\/v2\/users\/1"}],"replies":[{"embeddable":true,"href":"https:\/\/www.atakoc.com.tr\/tr\/wp-json\/wp\/v2\/comments?post=2"}],"version-history":[{"count":4,"href":"https:\/\/www.atakoc.com.tr\/tr\/wp-json\/wp\/v2\/pages\/2\/revisions"}],"predecessor-version":[{"id":5065,"href":"https:\/\/www.atakoc.com.tr\/tr\/wp-json\/wp\/v2\/pages\/2\/revisions\/5065"}],"wp:attachment":[{"href":"https:\/\/www.atakoc.com.tr\/tr\/wp-json\/wp\/v2\/media?parent=2"}],"curies":[{"name":"wp","href":"https:\/\/api.w.org\/{rel}","templated":true}]}}