{"id":4442,"date":"2020-11-20T10:15:25","date_gmt":"2020-11-20T10:15:25","guid":{"rendered":"https:\/\/asymmetric-corporate.liquid-themes.com\/?page_id=4442"},"modified":"2025-02-12T07:47:56","modified_gmt":"2025-02-12T07:47:56","slug":"hakkimizda","status":"publish","type":"page","link":"https:\/\/www.atakoc.com.tr\/tr\/hakkimizda\/","title":{"rendered":"hakk\u0131m\u0131zda"},"content":{"rendered":"<p>[vc_row css=&#8221;.vc_custom_1614843751763{padding-top: 140px !important;padding-bottom: 85px !important;background-color: #fff902 !important;}&#8221;][vc_column enable_content_animation=&#8221;yes&#8221; ca_init_scale_x=&#8221;1&#8243; ca_init_scale_y=&#8221;1.1&#8243; ca_init_opacity=&#8221;0&#8243; ca_an_scale_x=&#8221;1&#8243; ca_an_scale_y=&#8221;1&#8243; ca_an_opacity=&#8221;1&#8243; ca_init_scale_z=&#8221;1&#8243; ca_an_scale_z=&#8221;1&#8243; offset=&#8221;vc_col-md-8&#8243; responsive_css=&#8221;padding_right_large:7%25&#8243; ca_duration=&#8221;1800&#8243; ca_delay=&#8221;180&#8243; ca_init_translate_y=&#8221;32&#8243;]<style>@media (min-width: 768px) { .ld_fancy_heading_69f4bb84b87e3 h1 {font-size:70px; }  } .ld_fancy_heading_69f4bb84b87e3 h1 {line-height:1em; } .ld_fancy_heading_69f4bb84b87e3 h1 {--element-line-height:1em; } .ld_fancy_heading_69f4bb84b87e3 h1 {font-weight:500; } .ld_fancy_heading_69f4bb84b87e3 h1 {margin-bottom:0.3em !important;  } .ld_fancy_heading_69f4bb84b87e3 .lqd-highlight-inner{height:0.275em!important;bottom:0px!important;}@media (min-width: 768px) { .ld_fancy_heading_69f4bb84b87e3 h1 {font-size:70px; }  } .ld_fancy_heading_69f4bb84b87e3 h1 {line-height:1em; } .ld_fancy_heading_69f4bb84b87e3 h1 {--element-line-height:1em; } .ld_fancy_heading_69f4bb84b87e3 h1 {font-weight:500; } .ld_fancy_heading_69f4bb84b87e3 h1 {margin-bottom:0.3em !important;  } <\/style><div class=\"ld-fancy-heading ld_fancy_heading_69f4bb84b87e3\">\n\t<h1 class=\"ld-fh-element lqd-highlight-underline lqd-highlight-grow-left text-decoration-default\"   >  G\u00fc\u00e7l\u00fc &amp; Hassas \u00dcretimler Ger\u00e7ekle\u015ftiriyoruz.<\/h1><\/div><style>.ld_fancy_heading_69f4bb84b8e5a p {font-size:22px; } .ld_fancy_heading_69f4bb84b8e5a p {line-height:1.136em; } .ld_fancy_heading_69f4bb84b8e5a p {--element-line-height:1.136em; } .ld_fancy_heading_69f4bb84b8e5a .lqd-highlight-inner{height:0.275em!important;bottom:0px!important;}.ld_fancy_heading_69f4bb84b8e5a p {font-size:22px; } .ld_fancy_heading_69f4bb84b8e5a p {line-height:1.136em; } .ld_fancy_heading_69f4bb84b8e5a p {--element-line-height:1.136em; } <\/style><div class=\"ld-fancy-heading ld_fancy_heading_69f4bb84b8e5a\">\n\t<p class=\"ld-fh-element lqd-highlight-underline lqd-highlight-grow-left text-decoration-default\"   >  <\/p>\n<div class=\"elementor-element elementor-element-102d59ac elementor-widget elementor-widget-text-editor\" data-id=\"102d59ac\" data-element_type=\"widget\" data-widget_type=\"text-editor.default\">\n<div class=\"elementor-widget-container\">\n<div class=\"gt3_custom_text\" data-color=\"#ffffff\">\n<p>Proje ve s\u00fcre\u00e7ler, ISO 9001:2008 ve SEI SW-CMMI Level 3 standartlar\u0131nda y\u00fcr\u00fct\u00fclmektedir.<\/p>\n<\/div>\n<\/div>\n<\/div>\n<div class=\"elementor-element elementor-element-55e9b58 elementor-widget elementor-widget-spacer\" data-id=\"55e9b58\" data-element_type=\"widget\" data-widget_type=\"spacer.default\">\n<div class=\"elementor-widget-container\">\n<div class=\"elementor-spacer\"><\/div>\n<\/div>\n<\/div>\n<p><\/p><\/div>[\/vc_column][\/vc_row][vc_row enable_content_animation=&#8221;yes&#8221; ca_init_scale_x=&#8221;1&#8243; ca_init_scale_y=&#8221;1&#8243; ca_init_opacity=&#8221;0&#8243; ca_an_scale_x=&#8221;1&#8243; ca_an_scale_y=&#8221;1&#8243; ca_an_opacity=&#8221;1&#8243; ca_init_scale_z=&#8221;1&#8243; ca_an_scale_z=&#8221;1&#8243; ca_duration=&#8221;1800&#8243; ca_start_delay=&#8221;450&#8243; ca_delay=&#8221;180&#8243; ca_init_translate_x=&#8221;-35&#8243;][vc_column css=&#8221;.vc_custom_1605879233437{border-bottom-width: 1px !important;padding-top: 45px !important;padding-bottom: 5px !important;border-bottom-color: #000000 !important;border-bottom-style: solid !important;}&#8221;][vc_row_inner content_placement=&#8221;middle&#8221;][vc_column_inner width=&#8221;1\/4&#8243;]<style>.ld_fancy_heading_69f4bb84b9313 h3 {font-size:12px; } .ld_fancy_heading_69f4bb84b9313 h3 {letter-spacing:0.1em; } .ld_fancy_heading_69f4bb84b9313 .lqd-highlight-inner{height:0.275em!important;bottom:0px!important;}.ld_fancy_heading_69f4bb84b9313 h3 {font-size:12px; } .ld_fancy_heading_69f4bb84b9313 h3 {letter-spacing:0.1em; } <\/style><div class=\"ld-fancy-heading text-uppercase ld_fancy_heading_69f4bb84b9313\">\n\t<h3 class=\"ld-fh-element lqd-highlight-underline lqd-highlight-grow-left text-decoration-default\"   >  ATAKO\u00c7 KALIP METAL SAVUNMA SANAY\u0130<\/h3><\/div>[\/vc_column_inner][vc_column_inner width=&#8221;1\/2&#8243;][\/vc_column_inner][vc_column_inner width=&#8221;1\/4&#8243; responsive_align=&#8221;text-sm-right&#8221;]<style>.ld_fancy_heading_69f4bb84b966d h3 {font-size:12px; } .ld_fancy_heading_69f4bb84b966d h3 {letter-spacing:0.1em; } .ld_fancy_heading_69f4bb84b966d .lqd-highlight-inner{height:0.275em!important;bottom:0px!important;}.ld_fancy_heading_69f4bb84b966d h3 {font-size:12px; } .ld_fancy_heading_69f4bb84b966d h3 {letter-spacing:0.1em; } <\/style><div class=\"ld-fancy-heading text-uppercase ld_fancy_heading_69f4bb84b966d\">\n\t<h3 class=\"ld-fh-element lqd-highlight-underline lqd-highlight-grow-left text-decoration-default\"   >  01<\/h3><\/div>[\/vc_column_inner][\/vc_row_inner][\/vc_column][\/vc_row][vc_row content_placement=&#8221;middle&#8221; css=&#8221;.vc_custom_1605878911395{padding-top: 30px !important;padding-bottom: 30px !important;}&#8221; responsive_css=&#8221;padding_top_medium:50px|padding_bottom_medium:50px&#8221;][vc_column width=&#8221;1\/2&#8243; enable_content_animation=&#8221;yes&#8221; ca_init_scale_x=&#8221;1&#8243; ca_init_scale_y=&#8221;1&#8243; ca_init_opacity=&#8221;0&#8243; ca_an_scale_x=&#8221;1&#8243; ca_an_scale_y=&#8221;1&#8243; ca_an_opacity=&#8221;1&#8243; ca_init_scale_z=&#8221;1&#8243; ca_an_scale_z=&#8221;1&#8243; css=&#8221;.vc_custom_1605879689061{padding-top: 30px !important;padding-bottom: 30px !important;}&#8221; offset=&#8221;vc_col-md-5&#8243; ca_duration=&#8221;1800&#8243; ca_delay=&#8221;180&#8243; ca_init_translate_y=&#8221;35&#8243;]<style>.ld_fancy_heading_69f4bb84b99ba h6{color:rgb(8, 27, 34);background:rgb(227, 227, 227);}.ld_fancy_heading_69f4bb84b99ba h6 {font-size:10px; } .ld_fancy_heading_69f4bb84b99ba h6 {font-weight:700; } .ld_fancy_heading_69f4bb84b99ba h6 {letter-spacing:0.1em; } .ld_fancy_heading_69f4bb84b99ba h6 {padding-top:5px !important; padding-right:10px !important; padding-bottom:5px !important; padding-left:10px !important;  } .ld_fancy_heading_69f4bb84b99ba h6 {margin-bottom:1.5em !important;  } .ld_fancy_heading_69f4bb84b99ba .lqd-highlight-inner{height:0.275em!important;bottom:0px!important;}.ld_fancy_heading_69f4bb84b99ba h6 {font-size:10px; } .ld_fancy_heading_69f4bb84b99ba h6 {font-weight:700; } .ld_fancy_heading_69f4bb84b99ba h6 {letter-spacing:0.1em; } .ld_fancy_heading_69f4bb84b99ba h6 {padding-top:5px !important; padding-right:10px !important; padding-bottom:5px !important; padding-left:10px !important;  } .ld_fancy_heading_69f4bb84b99ba h6 {margin-bottom:1.5em !important;  } <\/style><div class=\"ld-fancy-heading ld-fh-has-fill text-uppercase ld_fancy_heading_69f4bb84b99ba\">\n\t<h6 class=\"ld-fh-element circle lqd-highlight-underline lqd-highlight-grow-left text-decoration-default\"   >  HAKKIMIZDA<\/h6><\/div><style>@media (min-width: 768px) { .ld_fancy_heading_69f4bb84b9d0b h2 {font-size:38px; }  } @media (min-width: 992px) { .ld_fancy_heading_69f4bb84b9d0b h2 {font-size:50px; }  } .ld_fancy_heading_69f4bb84b9d0b h2 {line-height:1.1em; } .ld_fancy_heading_69f4bb84b9d0b h2 {--element-line-height:1.1em; } .ld_fancy_heading_69f4bb84b9d0b .lqd-highlight-inner{height:0.275em!important;bottom:0px!important;}@media (min-width: 768px) { .ld_fancy_heading_69f4bb84b9d0b h2 {font-size:38px; }  } @media (min-width: 992px) { .ld_fancy_heading_69f4bb84b9d0b h2 {font-size:50px; }  } .ld_fancy_heading_69f4bb84b9d0b h2 {line-height:1.1em; } .ld_fancy_heading_69f4bb84b9d0b h2 {--element-line-height:1.1em; } <\/style><div class=\"ld-fancy-heading ld_fancy_heading_69f4bb84b9d0b\">\n\t<h2 class=\"ld-fh-element lqd-highlight-underline lqd-highlight-grow-left text-decoration-default\"   >  ATAKO\u00c7 KALIP SANAY\u0130<\/h2><\/div><style>.ld_fancy_heading_69f4bb84ba086 p{color:rgb(0, 0, 0);}.ld_fancy_heading_69f4bb84ba086 p {font-size:16px; } .ld_fancy_heading_69f4bb84ba086 p {line-height:1.65em; } .ld_fancy_heading_69f4bb84ba086 p {--element-line-height:1.65em; } .ld_fancy_heading_69f4bb84ba086 p {margin-bottom:1.25em !important;  } .ld_fancy_heading_69f4bb84ba086 .lqd-highlight-inner{height:0.275em!important;bottom:0px!important;}.ld_fancy_heading_69f4bb84ba086 p {font-size:16px; } .ld_fancy_heading_69f4bb84ba086 p {line-height:1.65em; } .ld_fancy_heading_69f4bb84ba086 p {--element-line-height:1.65em; } .ld_fancy_heading_69f4bb84ba086 p {margin-bottom:1.25em !important;  } <\/style><div class=\"ld-fancy-heading ld_fancy_heading_69f4bb84ba086\">\n\t<p class=\"ld-fh-element lqd-highlight-underline lqd-highlight-grow-left text-decoration-default\"   >  <\/p>\n<div class=\"qodef-content\">\n<div class=\"qodef-content-inner\">\n<div class=\"qodef-container qodef-default-page-template\">\n<div class=\"qodef-container-inner clearfix\">\n<div class=\"qodef-grid-row \">\n<div class=\"qodef-page-content-holder qodef-grid-col-12\">\n<div class=\"vc_row wpb_row vc_row-fluid\">\n<div class=\"wpb_column vc_column_container vc_col-sm-12\">\n<div class=\"vc_column-inner\">\n<div class=\"wpb_wrapper\">\n<div class=\"wpb_text_column wpb_content_element \">\n<div class=\"wpb_wrapper\">\n<p>1976 y\u0131l\u0131nda kal\u0131p imalat\u0131 ile sekt\u00f6re ad\u0131m\u0131n\u0131 atan ATAKO\u00c7, ge\u00e7en 46 y\u0131l i\u00e7eresinde kendini geli\u015ftirmeyi bilmi\u015f, tecr\u00fcbeli idari ve teknik kadrosuyla \u00e7a\u011f\u0131n \u00fcretim gereklerini uygulayarak sekt\u00f6rdeki yerini sa\u011flamla\u015ft\u0131rm\u0131\u015ft\u0131r. ATAKO\u00c7, m\u00fckemmel kalite anlay\u0131\u015f\u0131yla s\u00fcrekli m\u00fc\u015fteri memnuniyetini \u00f6ncelik edinmi\u015f, reklam stratejisini de m\u00fc\u015fteri memnuniyetinden do\u011fan referans a\u011f\u0131 \u00fczerine bina etmi\u015ftir. Sekt\u00f6r\u00fcnde-okul firma- \u00fcnvanl\u0131yla \u00fcnlenen ATAKO\u00c7 yapt\u0131\u011f\u0131 yat\u0131r\u0131mlarla gelece\u011fe umutla bakmaktad\u0131r.<\/p>\n<\/div>\n<\/div>\n<\/div>\n<\/div>\n<\/div>\n<\/div>\n<\/div>\n<\/div>\n<\/div>\n<\/div>\n<\/div>\n<\/div>\n<footer class=\"qodef-page-footer qodef-footer-uncover\">\n<div class=\"qodef-footer-bottom-holder \">\n<div class=\"qodef-footer-bottom-inner qodef-grid\">\n<div class=\"qodef-grid-row \">\n<div class=\"qodef-grid-col-6\"><\/div>\n<\/div>\n<\/div>\n<\/div>\n<\/footer>\n<p><\/p><\/div>[\/vc_column][vc_column width=&#8221;1\/2&#8243; column_top_onmobile=&#8221;yes&#8221; offset=&#8221;vc_col-md-offset-1&#8243;]<style>@media (min-width: 768px) { .ld_images_group_element_69f4bb84ba62d {margin-right:-22vw !important;  }  } @media (min-width: 768px) { .ld_images_group_element_69f4bb84ba62d {margin-right:-22vw !important;  }  } <\/style><div id=\"ld_images_group_element_69f4bb84ba62d\" class=\"lqd-imggrp-single ld_images_group_element_69f4bb84ba62d\"   >\n\t\n\t<div class=\"lqd-imggrp-img-container\"    data-parallax=\"true\" data-parallax-from='{\"y\":-120,\"scaleX\":1.1999999999999999555910790149937383830547332763671875,\"scaleY\":1.1999999999999999555910790149937383830547332763671875}' data-parallax-to='{\"y\":120,\"scaleX\":1.1999999999999999555910790149937383830547332763671875,\"scaleY\":1.1999999999999999555910790149937383830547332763671875}' data-parallax-options='{\"overflowHidden\":true,\"ease\":\"linear\",\"start\":\"top bottom\"}'>\n\t\t\n\t\t\t\t\n\t\t\t\t<figure ><img decoding=\"async\" width=\"1536\" height=\"1132\" src=\"https:\/\/www.atakoc.com.tr\/tr\/wp-content\/uploads\/2025\/02\/shutterstock_1113791381-1536x1132-1.jpg\" class=\"attachment-full size-full\" alt=\"\" srcset=\"https:\/\/www.atakoc.com.tr\/tr\/wp-content\/uploads\/2025\/02\/shutterstock_1113791381-1536x1132-1.jpg 1536w, https:\/\/www.atakoc.com.tr\/tr\/wp-content\/uploads\/2025\/02\/shutterstock_1113791381-1536x1132-1-300x221.jpg 300w, https:\/\/www.atakoc.com.tr\/tr\/wp-content\/uploads\/2025\/02\/shutterstock_1113791381-1536x1132-1-1024x755.jpg 1024w\" sizes=\"(max-width: 1536px) 100vw, 1536px\" itemprop=\"image\" \/><\/figure>\t\t\t\t\t\t\t\t\n\t<\/div><!-- \/.lqd-imggrp-content -->\n<\/div><!-- \/.lqd-imggrp-single -->[\/vc_column][\/vc_row][vc_row content_placement=&#8221;middle&#8221; css=&#8221;.vc_custom_1605878975155{padding-top: 30px !important;padding-bottom: 30px !important;}&#8221; responsive_css=&#8221;padding_top_medium:50px|padding_bottom_medium:50px&#8221;][vc_column width=&#8221;1\/2&#8243; enable_content_animation=&#8221;yes&#8221; ca_init_scale_x=&#8221;1&#8243; ca_init_scale_y=&#8221;1&#8243; ca_init_opacity=&#8221;0&#8243; ca_an_scale_x=&#8221;1&#8243; ca_an_scale_y=&#8221;1&#8243; ca_an_opacity=&#8221;1&#8243; ca_init_scale_z=&#8221;1&#8243; ca_an_scale_z=&#8221;1&#8243; css=&#8221;.vc_custom_1605879735762{padding-top: 30px !important;padding-bottom: 30px !important;}&#8221; offset=&#8221;vc_col-md-5&#8243; ca_duration=&#8221;1800&#8243; ca_delay=&#8221;180&#8243; ca_init_translate_y=&#8221;32&#8243;]<style>@media (min-width: 768px) { .ld_fancy_heading_69f4bb84bc843 h2 {font-size:38px; }  } @media (min-width: 992px) { .ld_fancy_heading_69f4bb84bc843 h2 {font-size:56px; }  } .ld_fancy_heading_69f4bb84bc843 h2 {line-height:1.1em; } .ld_fancy_heading_69f4bb84bc843 h2 {--element-line-height:1.1em; } .ld_fancy_heading_69f4bb84bc843 h2 {margin-bottom:0.25em !important;  } .ld_fancy_heading_69f4bb84bc843 .lqd-highlight-inner{height:0.275em!important;bottom:0px!important;}@media (min-width: 768px) { .ld_fancy_heading_69f4bb84bc843 h2 {font-size:38px; }  } @media (min-width: 992px) { .ld_fancy_heading_69f4bb84bc843 h2 {font-size:56px; }  } .ld_fancy_heading_69f4bb84bc843 h2 {line-height:1.1em; } .ld_fancy_heading_69f4bb84bc843 h2 {--element-line-height:1.1em; } .ld_fancy_heading_69f4bb84bc843 h2 {margin-bottom:0.25em !important;  } <\/style><div class=\"ld-fancy-heading ld_fancy_heading_69f4bb84bc843\">\n\t<h2 class=\"ld-fh-element lqd-highlight-underline lqd-highlight-grow-left text-decoration-default\"   >  ATAKO\u00c7 KALIP<\/h2><\/div><style>.ld_fancy_heading_69f4bb84bd68e p{color:rgb(0, 0, 0);}.ld_fancy_heading_69f4bb84bd68e p {font-size:16px; } .ld_fancy_heading_69f4bb84bd68e p {line-height:1.65em; } .ld_fancy_heading_69f4bb84bd68e p {--element-line-height:1.65em; } .ld_fancy_heading_69f4bb84bd68e p {margin-bottom:1.25em !important;  } .ld_fancy_heading_69f4bb84bd68e .lqd-highlight-inner{height:0.275em!important;bottom:0px!important;}.ld_fancy_heading_69f4bb84bd68e p {font-size:16px; } .ld_fancy_heading_69f4bb84bd68e p {line-height:1.65em; } .ld_fancy_heading_69f4bb84bd68e p {--element-line-height:1.65em; } .ld_fancy_heading_69f4bb84bd68e p {margin-bottom:1.25em !important;  } <\/style><div class=\"ld-fancy-heading ld_fancy_heading_69f4bb84bd68e\">\n\t<p class=\"ld-fh-element lqd-highlight-underline lqd-highlight-grow-left text-decoration-default\"   >  Uzmanl\u0131k alanlar\u0131n\u0131n i\u00e7i i\u00e7e girdi\u011fi sarmal sistemler ile g\u00fcn\u00fcm\u00fczde, genel anlamda her t\u00fcrl\u00fc alanda \u00fcr\u00fcn geli\u015ftirme hizmeti vermekteyiz. Hizmetlerimizi \u00e7o\u011funlukla fason imalatlar; medikal, savunma sanayi, makina imalat\u00e7\u0131lar\u0131 ve benzeri sekt\u00f6rlere sa\u011fl\u0131yoruz.Sistematik ve bilimsel \u00e7al\u0131\u015fmay\u0131 ilke edinmi\u015f ekibimiz ile birlikte; do\u011fru y\u00f6ntem, do\u011fru kadro ve do\u011fru i\u015f plan\u0131 ve tekniklerini kullanarak d\u00fcnya pazar\u0131nda h\u0131zl\u0131, d\u00fc\u015f\u00fck maliyetli ve kaliteli \u00fcretim yap\u0131labilmesi i\u00e7in \u00e7al\u0131\u015fmalar\u0131m\u0131z\u0131 s\u00fcrd\u00fcrmekteyiz.<\/p>\n<div class=\"vc_row wpb_row vc_row-fluid vc_custom_1484731650946 vc_row-o-equal-height vc_row-o-content-middle vc_row-flex\" data-vc-full-width=\"true\" data-vc-full-width-init=\"true\" data-vc-stretch-content=\"true\">\n<div class=\"wpb_column vc_column_container vc_col-sm-6 vc_col-has-fill\">\n<div class=\"vc_column-inner vc_custom_1484570977299\">\n<div class=\"wpb_wrapper\"><\/div>\n<\/div>\n<\/div>\n<\/div>\n<p><\/p><\/div>[\/vc_column][vc_column width=&#8221;1\/2&#8243; column_top_onmobile=&#8221;yes&#8221; offset=&#8221;vc_col-md-offset-1&#8243;]<style>@media (min-width: 768px) { .ld_images_group_element_69f4bb84be269 {margin-right:-22vw !important;  }  } @media (min-width: 768px) { .ld_images_group_element_69f4bb84be269 {margin-right:-22vw !important;  }  } <\/style><div id=\"ld_images_group_element_69f4bb84be269\" class=\"lqd-imggrp-single ld_images_group_element_69f4bb84be269\"   >\n\t\n\t<div class=\"lqd-imggrp-img-container\"    data-parallax=\"true\" data-parallax-from='{\"y\":-120,\"scaleX\":1.1999999999999999555910790149937383830547332763671875,\"scaleY\":1.1999999999999999555910790149937383830547332763671875}' data-parallax-to='{\"y\":120,\"scaleX\":1.1999999999999999555910790149937383830547332763671875,\"scaleY\":1.1999999999999999555910790149937383830547332763671875}' data-parallax-options='{\"overflowHidden\":true,\"ease\":\"linear\",\"start\":\"top bottom\"}'>\n\t\t\n\t\t\t\t\n\t\t\t\t<figure ><img decoding=\"async\" width=\"1300\" height=\"763\" src=\"data:image\/svg+xml;charset=utf-8,%3Csvg xmlns%3D&#039;http%3A%2F%2Fwww.w3.org%2F2000%2Fsvg&#039; viewBox%3D&#039;0 0 1300 763&#039;%2F%3E\" class=\"attachment-full size-full ld-lazyload\" alt=\"\" itemprop=\"image\" data-src=\"https:\/\/www.atakoc.com.tr\/tr\/wp-content\/uploads\/2025\/02\/atakoc.jpeg\" data-srcset=\"https:\/\/www.atakoc.com.tr\/tr\/wp-content\/uploads\/2025\/02\/atakoc.jpeg 1300w, https:\/\/www.atakoc.com.tr\/tr\/wp-content\/uploads\/2025\/02\/atakoc-300x176.jpeg 300w, https:\/\/www.atakoc.com.tr\/tr\/wp-content\/uploads\/2025\/02\/atakoc-1024x601.jpeg 1024w\" data-sizes=\"(max-width: 1300px) 100vw, 1300px\" data-aspect=\"1.7038007863696\" \/><\/figure>\t\t\t\t\t\t\t\t\n\t<\/div><!-- \/.lqd-imggrp-content -->\n<\/div><!-- \/.lqd-imggrp-single -->[\/vc_column][\/vc_row][vc_row content_placement=&#8221;middle&#8221; enable_content_animation=&#8221;yes&#8221; ca_init_scale_x=&#8221;1&#8243; ca_init_scale_y=&#8221;1&#8243; ca_init_opacity=&#8221;0&#8243; ca_an_scale_x=&#8221;1&#8243; ca_an_scale_y=&#8221;1&#8243; ca_an_opacity=&#8221;1&#8243; ca_init_scale_z=&#8221;1&#8243; ca_an_scale_z=&#8221;1&#8243; css=&#8221;.vc_custom_1605879795925{padding-top: 45px !important;}&#8221; ca_duration=&#8221;1800&#8243; ca_delay=&#8221;180&#8243; ca_init_translate_x=&#8221;45&#8243;][vc_column offset=&#8221;vc_col-md-9&#8243; responsive_css=&#8221;padding_right_large:9%25&#8243;]<style>.ld_fancy_heading_69f4bb84cf2f5 h6{color:rgb(0, 0, 0);background:rgb(255, 249, 2);}.ld_fancy_heading_69f4bb84cf2f5 h6 {font-size:13px; } .ld_fancy_heading_69f4bb84cf2f5 h6 {font-weight:700; } .ld_fancy_heading_69f4bb84cf2f5 h6 {letter-spacing:0.1em; } .ld_fancy_heading_69f4bb84cf2f5 h6 {padding-top:5px !important; padding-right:10px !important; padding-bottom:5px !important; padding-left:10px !important;  } .ld_fancy_heading_69f4bb84cf2f5 h6 {margin-bottom:1.5em !important;  } .ld_fancy_heading_69f4bb84cf2f5 .lqd-highlight-inner{height:0.275em!important;bottom:0px!important;}.ld_fancy_heading_69f4bb84cf2f5 h6 {font-size:13px; } .ld_fancy_heading_69f4bb84cf2f5 h6 {font-weight:700; } .ld_fancy_heading_69f4bb84cf2f5 h6 {letter-spacing:0.1em; } .ld_fancy_heading_69f4bb84cf2f5 h6 {padding-top:5px !important; padding-right:10px !important; padding-bottom:5px !important; padding-left:10px !important;  } .ld_fancy_heading_69f4bb84cf2f5 h6 {margin-bottom:1.5em !important;  } <\/style><div class=\"ld-fancy-heading ld-fh-has-fill text-uppercase ld_fancy_heading_69f4bb84cf2f5\">\n\t<h6 class=\"ld-fh-element circle lqd-highlight-underline lqd-highlight-grow-left text-decoration-default\"   >  KAL\u0130TE KONTROL<\/h6><\/div><style>@media (min-width: 768px) { .ld_fancy_heading_69f4bb84d0aa3 h2 {font-size:38px; }  } @media (min-width: 992px) { .ld_fancy_heading_69f4bb84d0aa3 h2 {font-size:62px; }  } .ld_fancy_heading_69f4bb84d0aa3 h2 {line-height:1.1em; } .ld_fancy_heading_69f4bb84d0aa3 h2 {--element-line-height:1.1em; } .ld_fancy_heading_69f4bb84d0aa3 h2 {font-weight:400; } .ld_fancy_heading_69f4bb84d0aa3 .lqd-highlight-inner{height:0.275em!important;bottom:0px!important;}@media (min-width: 768px) { .ld_fancy_heading_69f4bb84d0aa3 h2 {font-size:38px; }  } @media (min-width: 992px) { .ld_fancy_heading_69f4bb84d0aa3 h2 {font-size:62px; }  } .ld_fancy_heading_69f4bb84d0aa3 h2 {line-height:1.1em; } .ld_fancy_heading_69f4bb84d0aa3 h2 {--element-line-height:1.1em; } .ld_fancy_heading_69f4bb84d0aa3 h2 {font-weight:400; } <\/style><div class=\"ld-fancy-heading ld_fancy_heading_69f4bb84d0aa3\">\n\t<h2 class=\"ld-fh-element lqd-highlight-underline lqd-highlight-grow-left text-decoration-default\"   >  Kalite Hedeflerimiz<\/h2><\/div>[\/vc_column][vc_column offset=&#8221;vc_col-md-3&#8243; responsive_css=&#8221;margin_left_large:-8%25&#8243;]<style>.ld_fancy_heading_69f4bb84d18bc p{color:rgb(0, 0, 0);}.ld_fancy_heading_69f4bb84d18bc p {font-size:15px; } .ld_fancy_heading_69f4bb84d18bc p {line-height:1.333em; } .ld_fancy_heading_69f4bb84d18bc p {--element-line-height:1.333em; } .ld_fancy_heading_69f4bb84d18bc p {margin-bottom:1.25em !important;  } .ld_fancy_heading_69f4bb84d18bc .lqd-highlight-inner{height:0.275em!important;bottom:0px!important;}.ld_fancy_heading_69f4bb84d18bc p {font-size:15px; } .ld_fancy_heading_69f4bb84d18bc p {line-height:1.333em; } .ld_fancy_heading_69f4bb84d18bc p {--element-line-height:1.333em; } .ld_fancy_heading_69f4bb84d18bc p {margin-bottom:1.25em !important;  } <\/style><div class=\"ld-fancy-heading ld_fancy_heading_69f4bb84d18bc\">\n\t<p class=\"ld-fh-element lqd-highlight-underline lqd-highlight-grow-left text-decoration-default\"   >  <\/p>\n<section class=\"elementor-section elementor-top-section elementor-element elementor-element-8072d60 elementor-section-boxed elementor-section-height-default elementor-section-height-default\" data-id=\"8072d60\" data-element_type=\"section\">\n<div class=\"elementor-container elementor-column-gap-default\">\n<div class=\"elementor-column elementor-col-33 elementor-top-column elementor-element elementor-element-d323054\" data-id=\"d323054\" data-element_type=\"column\">\n<div class=\"elementor-widget-wrap elementor-element-populated\">\n<div class=\"elementor-element elementor-element-540bb1c elementor-widget elementor-widget-jkit_image_box\" data-id=\"540bb1c\" data-element_type=\"widget\" data-widget_type=\"jkit_image_box.default\">\n<div class=\"elementor-widget-container\">\n<div class=\"jeg-elementor-kit jkit-image-box style-floating elementor-animation- jeg_module_1940_11_67a87d46200c2\">\n<div class=\"image-box-body\">\n<div class=\"body-inner\">\n<div class=\"body-description\">\n<p>U\u0308retim bas\u0327lan\u0131g\u0131c\u0131, u\u0308retim su\u0308reci ve teslimat o\u0308ncesi u\u0308retilen u\u0308ru\u0308nlerin kalite kontrollerini gerc\u0327ekles\u0327tirmekteyiz.<\/p>\n<\/div>\n<div class=\"body-button\"><\/div>\n<\/div>\n<\/div>\n<\/div>\n<\/div>\n<\/div>\n<\/div>\n<\/div>\n<\/div>\n<\/section>\n<section class=\"elementor-section elementor-top-section elementor-element elementor-element-da309dc elementor-section-full_width elementor-reverse-tablet elementor-reverse-mobile elementor-section-height-default elementor-section-height-default\" data-id=\"da309dc\" data-element_type=\"section\" data-settings=\"{&quot;background_background&quot;:&quot;classic&quot;}\">\n<div class=\"elementor-container elementor-column-gap-default\">\n<div class=\"elementor-column elementor-col-50 elementor-top-column elementor-element elementor-element-6440282d\" data-id=\"6440282d\" data-element_type=\"column\" data-settings=\"{&quot;background_background&quot;:&quot;classic&quot;}\">\n<div class=\"elementor-widget-wrap elementor-element-populated\"><\/div>\n<\/div>\n<\/div>\n<\/section>\n<p><\/p><\/div>[\/vc_column][\/vc_row]<\/p>\n","protected":false},"excerpt":{"rendered":"<p>[vc_row css=&#8221;.vc_custom_1614843751763{padding-top: 140px !important;padding-bottom: 85px !important;background-color: #fff902 !important;}&#8221;][vc_column enable_content_animation=&#8221;yes&#8221; ca_init_scale_x=&#8221;1&#8243; ca_init_scale_y=&#8221;1.1&#8243; ca_init_opacity=&#8221;0&#8243; ca_an_scale_x=&#8221;1&#8243; ca_an_scale_y=&#8221;1&#8243; ca_an_opacity=&#8221;1&#8243; ca_init_scale_z=&#8221;1&#8243; ca_an_scale_z=&#8221;1&#8243; offset=&#8221;vc_col-md-8&#8243; responsive_css=&#8221;padding_right_large:7%25&#8243; ca_duration=&#8221;1800&#8243; ca_delay=&#8221;180&#8243; ca_init_translate_y=&#8221;32&#8243;][\/vc_column][\/vc_row][vc_row enable_content_animation=&#8221;yes&#8221; ca_init_scale_x=&#8221;1&#8243; ca_init_scale_y=&#8221;1&#8243; ca_init_opacity=&#8221;0&#8243; ca_an_scale_x=&#8221;1&#8243; ca_an_scale_y=&#8221;1&#8243; ca_an_opacity=&#8221;1&#8243; ca_init_scale_z=&#8221;1&#8243; ca_an_scale_z=&#8221;1&#8243; ca_duration=&#8221;1800&#8243; ca_start_delay=&#8221;450&#8243; ca_delay=&#8221;180&#8243; ca_init_translate_x=&#8221;-35&#8243;][vc_column css=&#8221;.vc_custom_1605879233437{border-bottom-width: 1px !important;padding-top: 45px !important;padding-bottom: 5px !important;border-bottom-color: #000000 !important;border-bottom-style: solid !important;}&#8221;][vc_row_inner content_placement=&#8221;middle&#8221;][vc_column_inner width=&#8221;1\/4&#8243;][\/vc_column_inner][vc_column_inner width=&#8221;1\/2&#8243;][\/vc_column_inner][vc_column_inner width=&#8221;1\/4&#8243; responsive_align=&#8221;text-sm-right&#8221;][\/vc_column_inner][\/vc_row_inner][\/vc_column][\/vc_row][vc_row content_placement=&#8221;middle&#8221; css=&#8221;.vc_custom_1605878911395{padding-top: 30px !important;padding-bottom: [&hellip;]<\/p>\n","protected":false},"author":1,"featured_media":0,"parent":0,"menu_order":0,"comment_status":"closed","ping_status":"closed","template":"","meta":{"footnotes":""},"class_list":["post-4442","page","type-page","status-publish","hentry"],"_links":{"self":[{"href":"https:\/\/www.atakoc.com.tr\/tr\/wp-json\/wp\/v2\/pages\/4442","targetHints":{"allow":["GET"]}}],"collection":[{"href":"https:\/\/www.atakoc.com.tr\/tr\/wp-json\/wp\/v2\/pages"}],"about":[{"href":"https:\/\/www.atakoc.com.tr\/tr\/wp-json\/wp\/v2\/types\/page"}],"author":[{"embeddable":true,"href":"https:\/\/www.atakoc.com.tr\/tr\/wp-json\/wp\/v2\/users\/1"}],"replies":[{"embeddable":true,"href":"https:\/\/www.atakoc.com.tr\/tr\/wp-json\/wp\/v2\/comments?post=4442"}],"version-history":[{"count":2,"href":"https:\/\/www.atakoc.com.tr\/tr\/wp-json\/wp\/v2\/pages\/4442\/revisions"}],"predecessor-version":[{"id":5049,"href":"https:\/\/www.atakoc.com.tr\/tr\/wp-json\/wp\/v2\/pages\/4442\/revisions\/5049"}],"wp:attachment":[{"href":"https:\/\/www.atakoc.com.tr\/tr\/wp-json\/wp\/v2\/media?parent=4442"}],"curies":[{"name":"wp","href":"https:\/\/api.w.org\/{rel}","templated":true}]}}