{"id":5000,"date":"2021-03-06T15:53:04","date_gmt":"2021-03-06T15:53:04","guid":{"rendered":"https:\/\/asymmetric-corporate.liquid-themes.com\/?page_id=5000"},"modified":"2025-02-14T08:03:09","modified_gmt":"2025-02-14T08:03:09","slug":"iletisim","status":"publish","type":"page","link":"https:\/\/www.atakoc.com.tr\/tr\/iletisim\/","title":{"rendered":"ileti\u015fim"},"content":{"rendered":"<p>[vc_row content_placement=&#8221;middle&#8221; css=&#8221;.vc_custom_1609935504167{margin-bottom: 35px !important;padding-top: 120px !important;}&#8221; el_class=&#8221;z-index-2&#8243; responsive_css=&#8221;margin_bottom_medium:-60px&#8221;][vc_column offset=&#8221;vc_col-md-7&#8243; responsive_css=&#8221;margin_bottom_medium:0px&#8221; css=&#8221;.vc_custom_1610189131952{margin-bottom: 20px !important;}&#8221;]<style>.ld_fancy_heading_69f4bb7da6cdc h6{color:rgb(0, 0, 0);}.ld_fancy_heading_69f4bb7da6cdc h6 {font-size:10px; } .ld_fancy_heading_69f4bb7da6cdc h6 {font-weight:700; } .ld_fancy_heading_69f4bb7da6cdc h6 {letter-spacing:0.08em; } .ld_fancy_heading_69f4bb7da6cdc h6 {margin-bottom:2em !important;  } .ld_fancy_heading_69f4bb7da6cdc .lqd-highlight-inner{height:0.275em!important;bottom:0px!important;}.ld_fancy_heading_69f4bb7da6cdc h6 {font-size:10px; } .ld_fancy_heading_69f4bb7da6cdc h6 {font-weight:700; } .ld_fancy_heading_69f4bb7da6cdc h6 {letter-spacing:0.08em; } .ld_fancy_heading_69f4bb7da6cdc h6 {margin-bottom:2em !important;  } <\/style><div class=\"ld-fancy-heading text-uppercase ld_fancy_heading_69f4bb7da6cdc\">\n\t<h6 class=\"ld-fh-element lqd-highlight-underline lqd-highlight-grow-left text-decoration-default\"   >  Contact us<\/h6><\/div><style>.ld_fancy_heading_69f4bb7da725e h2 {font-size:22vw; } @media (min-width: 768px) { .ld_fancy_heading_69f4bb7da725e h2 {font-size:132px; }  } .ld_fancy_heading_69f4bb7da725e h2 {line-height:0.85em; } .ld_fancy_heading_69f4bb7da725e h2 {--element-line-height:0.85em; } .ld_fancy_heading_69f4bb7da725e h2 {font-weight:500; } .ld_fancy_heading_69f4bb7da725e h2 {letter-spacing:-0.04em; } .ld_fancy_heading_69f4bb7da725e h2 {margin-bottom:0px !important;  } .ld_fancy_heading_69f4bb7da725e .lqd-highlight-inner{height:0.275em!important;bottom:0px!important;}.ld_fancy_heading_69f4bb7da725e h2 {font-size:22vw; } @media (min-width: 768px) { .ld_fancy_heading_69f4bb7da725e h2 {font-size:132px; }  } .ld_fancy_heading_69f4bb7da725e h2 {line-height:0.85em; } .ld_fancy_heading_69f4bb7da725e h2 {--element-line-height:0.85em; } .ld_fancy_heading_69f4bb7da725e h2 {font-weight:500; } .ld_fancy_heading_69f4bb7da725e h2 {letter-spacing:-0.04em; } .ld_fancy_heading_69f4bb7da725e h2 {margin-bottom:0px !important;  } <\/style><div class=\"ld-fancy-heading ld_fancy_heading_69f4bb7da725e\">\n\t<h2 class=\"ld-fh-element lqd-highlight-underline lqd-highlight-grow-left text-decoration-default\"   >  Atako\u00e7<br \/><em class=\"h3\">Kal\u0131p<\/em><\/h2><\/div>[\/vc_column][vc_column offset=&#8221;vc_col-md-4&#8243;]<style>.ld_fancy_heading_69f4bb7da7673 .lqd-highlight-inner{height:0.275em!important;bottom:0px!important;}<\/style><div class=\"ld-fancy-heading ld_fancy_heading_69f4bb7da7673\">\n\t<p class=\"ld-fh-element lqd-highlight-underline lqd-highlight-grow-left text-decoration-default\"   >  <\/p>\n<div class=\"wpb_text_column wpb_content_element \">\n<div class=\"wpb_wrapper\">\n<p>Payla\u015f\u0131lan her g\u00f6r\u00fc\u015f ve \u015fik\u00e2yet, size daha iyi hizmet verebilmemiz, s\u00fcre\u00e7lerimizi ve kalite standartlar\u0131m\u0131 geli\u015ftirmemiz i\u00e7in bize verilmi\u015f bir f\u0131rsatt\u0131r. \u015eikayetlerinizi bu bilin\u00e7le h\u0131zl\u0131, \u015feffaf, dikkatli ve objektif bir \u015fekilde de\u011ferlendirerek size en k\u0131sa s\u00fcrede cevap vermeye \u00e7al\u0131\u015faca\u011f\u0131z.<\/p><\/div>\n<\/div>\n<p><\/p><\/div>[\/vc_column][\/vc_row][vc_row luminosity=&#8221;dark&#8221; parallax=&#8221;enable_parallax&#8221; bg_position=&#8221;center center&#8221; css=&#8221;.vc_custom_1739348065563{padding-top: 200px !important;padding-bottom: 200px !important;background-image: url(https:\/\/www.atakoc.com.tr\/tr\/wp-content\/uploads\/2025\/02\/hmay-makina-medikal-sanayi.webp?id=5031) !important;background-position: 0 0;background-repeat:-repeat !important;}&#8221; responsive_css=&#8221;padding_top_medium:315px|padding_bottom_medium:315px|padding_top_small:275px|padding_bottom_small:275px&#8221;][vc_column][\/vc_column][\/vc_row][vc_row content_placement=&#8221;middle&#8221; responsive_css=&#8221;padding_top_medium:100px|padding_bottom_medium:100px|padding_top_small:80px|padding_bottom_small:80px&#8221; css=&#8221;.vc_custom_1610102039754{padding-top: 30px !important;padding-bottom: 60px !important;}&#8221;][vc_column width=&#8221;1\/2&#8243; enable_content_animation=&#8221;yes&#8221; ca_init_scale_x=&#8221;1&#8243; ca_init_scale_y=&#8221;1&#8243; ca_init_opacity=&#8221;0&#8243; ca_an_scale_x=&#8221;1&#8243; ca_an_scale_y=&#8221;1&#8243; ca_an_opacity=&#8221;1&#8243; ca_init_scale_z=&#8221;1&#8243; ca_an_scale_z=&#8221;1&#8243; offset=&#8221;vc_col-lg-4 vc_col-md-5&#8243; ca_duration=&#8221;1800&#8243; ca_delay=&#8221;180&#8243; ca_init_translate_y=&#8221;60&#8243; css=&#8221;.vc_custom_1610187602697{padding-top: 35px !important;padding-bottom: 35px !important;}&#8221;]<style>.ld_fancy_heading_69f4bb7da7a4d h6 {font-size:13px; } .ld_fancy_heading_69f4bb7da7a4d h6 {letter-spacing:0.1em; } .ld_fancy_heading_69f4bb7da7a4d h6 {margin-bottom:1em !important;  } .ld_fancy_heading_69f4bb7da7a4d .lqd-highlight-inner{height:0.275em!important;bottom:0px!important;}.ld_fancy_heading_69f4bb7da7a4d h6 {font-size:13px; } .ld_fancy_heading_69f4bb7da7a4d h6 {letter-spacing:0.1em; } .ld_fancy_heading_69f4bb7da7a4d h6 {margin-bottom:1em !important;  } <\/style><div class=\"ld-fancy-heading text-uppercase ld_fancy_heading_69f4bb7da7a4d\">\n\t<h6 class=\"ld-fh-element lqd-highlight-underline lqd-highlight-grow-left text-decoration-default\"   >  ANKARA SAVUNMA SANAY\u0130<\/h6><\/div><style>.ld_fancy_heading_69f4bb7da7d71 h3 {font-size:34px; } @media (min-width: 768px) { .ld_fancy_heading_69f4bb7da7d71 h3 {font-size:43px; }  } .ld_fancy_heading_69f4bb7da7d71 h3 {font-weight:500; } @media (min-width: 992px) { .ld_fancy_heading_69f4bb7da7d71 h3 {padding-right:14% !important;  }  } .ld_fancy_heading_69f4bb7da7d71 .lqd-highlight-inner{height:0.275em!important;bottom:0px!important;}.ld_fancy_heading_69f4bb7da7d71 h3 {font-size:34px; } @media (min-width: 768px) { .ld_fancy_heading_69f4bb7da7d71 h3 {font-size:43px; }  } .ld_fancy_heading_69f4bb7da7d71 h3 {font-weight:500; } @media (min-width: 992px) { .ld_fancy_heading_69f4bb7da7d71 h3 {padding-right:14% !important;  }  } <\/style><div class=\"ld-fancy-heading ld_fancy_heading_69f4bb7da7d71\">\n\t<h3 class=\"ld-fh-element lqd-highlight-underline lqd-highlight-grow-left text-decoration-default\"   >  ATAKO\u00c7 KALIP<\/h3><\/div><style>.ld_fancy_heading_69f4bb7da809f p{color:rgb(0, 0, 0);}.ld_fancy_heading_69f4bb7da809f p {font-size:17px; } .ld_fancy_heading_69f4bb7da809f p {line-height:1.7em; } .ld_fancy_heading_69f4bb7da809f p {--element-line-height:1.7em; } .ld_fancy_heading_69f4bb7da809f p {margin-bottom:1.85em !important;  } .ld_fancy_heading_69f4bb7da809f .lqd-highlight-inner{height:0.275em!important;bottom:0px!important;}.ld_fancy_heading_69f4bb7da809f p {font-size:17px; } .ld_fancy_heading_69f4bb7da809f p {line-height:1.7em; } .ld_fancy_heading_69f4bb7da809f p {--element-line-height:1.7em; } .ld_fancy_heading_69f4bb7da809f p {margin-bottom:1.85em !important;  } <\/style><div class=\"ld-fancy-heading ld_fancy_heading_69f4bb7da809f\">\n\t<p class=\"ld-fh-element lqd-highlight-underline lqd-highlight-grow-left text-decoration-default\"   >  \u015eikayetlerinizi bu bilin\u00e7le h\u0131zl\u0131, \u015feffaf, dikkatli ve objektif bir \u015fekilde de\u011ferlendirerek size en k\u0131sa s\u00fcrede cevap vermeye \u00e7al\u0131\u015faca\u011f\u0131z.<\/p><\/div><style>.ld_fancy_heading_69f4bb7da83af p{color:rgba(0, 0, 0, 0.6);}.ld_fancy_heading_69f4bb7da83af p {font-size:15px; } .ld_fancy_heading_69f4bb7da83af p {line-height:1.6em; } .ld_fancy_heading_69f4bb7da83af p {--element-line-height:1.6em; } .ld_fancy_heading_69f4bb7da83af p {margin-bottom:1.35em !important;  } .ld_fancy_heading_69f4bb7da83af .lqd-highlight-inner{height:0.275em!important;bottom:0px!important;}.ld_fancy_heading_69f4bb7da83af p {font-size:15px; } .ld_fancy_heading_69f4bb7da83af p {line-height:1.6em; } .ld_fancy_heading_69f4bb7da83af p {--element-line-height:1.6em; } .ld_fancy_heading_69f4bb7da83af p {margin-bottom:1.35em !important;  } <\/style><div class=\"ld-fancy-heading ld_fancy_heading_69f4bb7da83af\">\n\t<p class=\"ld-fh-element lqd-highlight-underline lqd-highlight-grow-left text-decoration-default\"   >  <\/p>\n<div class=\"ld-fancy-heading ld_fancy_heading_67ac4de2ab74f\">\n<div class=\"qodef-icon-list-holder \">\n<p class=\"qodef-il-text\" data-hover-color=\"#535353\">1183. Sokak Ostim \u2013 Yenimahalle \u2013 Ankara<\/p>\n<\/div>\n<p>&nbsp;<\/p><\/div>\n<p><\/p><\/div>[vc_column_text]<a href=\"mailto:info@atakoc.com.tr\">info@atakoc.com.tr<\/a>[\/vc_column_text][vc_column_text]<\/p>\n<h4 class=\"ld-fh-element lqd-highlight-underline lqd-highlight-grow-left text-decoration-default\">+90 312 354 23 87<\/h4>\n<p>[\/vc_column_text][\/vc_column][vc_column width=&#8221;1\/2&#8243;][vc_gmaps link=&#8221;#E-8_JTNDaWZyYW1lJTIwc3JjJTNEJTIyaHR0cHMlM0ElMkYlMkZ3d3cuZ29vZ2xlLmNvbSUyRm1hcHMlMkZlbWJlZCUzRnBiJTNEJTIxMW0xOCUyMTFtMTIlMjExbTMlMjExZDMwNTcuODU2MzYzNTAxODc3NyUyMTJkMzIuNzQyMDkxJTIxM2QzOS45NjY5NjQlMjEybTMlMjExZjAlMjEyZjAlMjEzZjAlMjEzbTIlMjExaTEwMjQlMjEyaTc2OCUyMTRmMTMuMSUyMTNtMyUyMTFtMiUyMTFzMHgxNGQzNDVmOWI3NjhlNzY3JTI1M0EweDRjNzJlMzFjYjMyZDlmN2MlMjEyelFWUkJTMF9EaHlCTlJWUkJUQ0JMUVV4SlVDQlFURUZUVk1Td1N5QlRRVTVCV2NTd0lFeFVSQzdGbmxURXNDNCUyMTVlMCUyMTNtMiUyMTFzdHIlMjEyc3RyJTIxNHYxNzM5NTIwMTYyMTI5JTIxNW0yJTIxMXN0ciUyMTJzdHIlMjIlMjB3aWR0aCUzRCUyMjgwMCUyMiUyMGhlaWdodCUzRCUyMjYwMCUyMiUyMHN0eWxlJTNEJTIyYm9yZGVyJTNBMCUzQiUyMiUyMGFsbG93ZnVsbHNjcmVlbiUzRCUyMiUyMiUyMGxvYWRpbmclM0QlMjJsYXp5JTIyJTIwcmVmZXJyZXJwb2xpY3klM0QlMjJuby1yZWZlcnJlci13aGVuLWRvd25ncmFkZSUyMiUzRSUzQyUyRmlmcmFtZSUzRQ==&#8221;][\/vc_column][\/vc_row]<\/p>\n","protected":false},"excerpt":{"rendered":"<p>[vc_row content_placement=&#8221;middle&#8221; css=&#8221;.vc_custom_1609935504167{margin-bottom: 35px !important;padding-top: 120px !important;}&#8221; el_class=&#8221;z-index-2&#8243; responsive_css=&#8221;margin_bottom_medium:-60px&#8221;][vc_column offset=&#8221;vc_col-md-7&#8243; responsive_css=&#8221;margin_bottom_medium:0px&#8221; css=&#8221;.vc_custom_1610189131952{margin-bottom: 20px !important;}&#8221;][\/vc_column][vc_column offset=&#8221;vc_col-md-4&#8243;][\/vc_column][\/vc_row][vc_row luminosity=&#8221;dark&#8221; parallax=&#8221;enable_parallax&#8221; bg_position=&#8221;center center&#8221; css=&#8221;.vc_custom_1739348065563{padding-top: 200px !important;padding-bottom: 200px !important;background-image: url(https:\/\/www.atakoc.com.tr\/tr\/wp-content\/uploads\/2025\/02\/hmay-makina-medikal-sanayi.webp?id=5031) !important;background-position: 0 0;background-repeat:-repeat !important;}&#8221; responsive_css=&#8221;padding_top_medium:315px|padding_bottom_medium:315px|padding_top_small:275px|padding_bottom_small:275px&#8221;][vc_column][\/vc_column][\/vc_row][vc_row content_placement=&#8221;middle&#8221; responsive_css=&#8221;padding_top_medium:100px|padding_bottom_medium:100px|padding_top_small:80px|padding_bottom_small:80px&#8221; css=&#8221;.vc_custom_1610102039754{padding-top: 30px !important;padding-bottom: 60px !important;}&#8221;][vc_column width=&#8221;1\/2&#8243; enable_content_animation=&#8221;yes&#8221; ca_init_scale_x=&#8221;1&#8243; ca_init_scale_y=&#8221;1&#8243; ca_init_opacity=&#8221;0&#8243; ca_an_scale_x=&#8221;1&#8243; ca_an_scale_y=&#8221;1&#8243; ca_an_opacity=&#8221;1&#8243; ca_init_scale_z=&#8221;1&#8243; ca_an_scale_z=&#8221;1&#8243; offset=&#8221;vc_col-lg-4 vc_col-md-5&#8243; ca_duration=&#8221;1800&#8243; ca_delay=&#8221;180&#8243; ca_init_translate_y=&#8221;60&#8243; css=&#8221;.vc_custom_1610187602697{padding-top: 35px !important;padding-bottom: [&hellip;]<\/p>\n","protected":false},"author":1,"featured_media":0,"parent":0,"menu_order":0,"comment_status":"closed","ping_status":"closed","template":"","meta":{"footnotes":""},"class_list":["post-5000","page","type-page","status-publish","hentry"],"_links":{"self":[{"href":"https:\/\/www.atakoc.com.tr\/tr\/wp-json\/wp\/v2\/pages\/5000","targetHints":{"allow":["GET"]}}],"collection":[{"href":"https:\/\/www.atakoc.com.tr\/tr\/wp-json\/wp\/v2\/pages"}],"about":[{"href":"https:\/\/www.atakoc.com.tr\/tr\/wp-json\/wp\/v2\/types\/page"}],"author":[{"embeddable":true,"href":"https:\/\/www.atakoc.com.tr\/tr\/wp-json\/wp\/v2\/users\/1"}],"replies":[{"embeddable":true,"href":"https:\/\/www.atakoc.com.tr\/tr\/wp-json\/wp\/v2\/comments?post=5000"}],"version-history":[{"count":6,"href":"https:\/\/www.atakoc.com.tr\/tr\/wp-json\/wp\/v2\/pages\/5000\/revisions"}],"predecessor-version":[{"id":5112,"href":"https:\/\/www.atakoc.com.tr\/tr\/wp-json\/wp\/v2\/pages\/5000\/revisions\/5112"}],"wp:attachment":[{"href":"https:\/\/www.atakoc.com.tr\/tr\/wp-json\/wp\/v2\/media?parent=5000"}],"curies":[{"name":"wp","href":"https:\/\/api.w.org\/{rel}","templated":true}]}}