{"id":5066,"date":"2025-02-12T08:23:49","date_gmt":"2025-02-12T08:23:49","guid":{"rendered":"https:\/\/www.atakoc.com.tr\/tr\/?page_id=5066"},"modified":"2025-02-12T09:05:56","modified_gmt":"2025-02-12T09:05:56","slug":"politikalarimiz","status":"publish","type":"page","link":"https:\/\/www.atakoc.com.tr\/tr\/politikalarimiz\/","title":{"rendered":"politikalar\u0131m\u0131z"},"content":{"rendered":"<p>[vc_row content_placement=&#8221;middle&#8221; css=&#8221;.vc_custom_1609935504167{margin-bottom: 35px !important;padding-top: 120px !important;}&#8221; el_class=&#8221;z-index-2&#8243; responsive_css=&#8221;margin_bottom_medium:-60px&#8221;][vc_column offset=&#8221;vc_col-md-7&#8243; responsive_css=&#8221;margin_bottom_medium:0px&#8221; css=&#8221;.vc_custom_1610189131952{margin-bottom: 20px !important;}&#8221;]<style>.ld_fancy_heading_69f4a6965c8fa h6{color:rgb(0, 0, 0);}.ld_fancy_heading_69f4a6965c8fa h6 {font-size:10px; } .ld_fancy_heading_69f4a6965c8fa h6 {font-weight:700; } .ld_fancy_heading_69f4a6965c8fa h6 {letter-spacing:0.08em; } .ld_fancy_heading_69f4a6965c8fa h6 {margin-bottom:2em !important;  } .ld_fancy_heading_69f4a6965c8fa .lqd-highlight-inner{height:0.275em!important;bottom:0px!important;}.ld_fancy_heading_69f4a6965c8fa h6 {font-size:10px; } .ld_fancy_heading_69f4a6965c8fa h6 {font-weight:700; } .ld_fancy_heading_69f4a6965c8fa h6 {letter-spacing:0.08em; } .ld_fancy_heading_69f4a6965c8fa h6 {margin-bottom:2em !important;  } <\/style><div class=\"ld-fancy-heading text-uppercase ld_fancy_heading_69f4a6965c8fa\">\n\t<h6 class=\"ld-fh-element lqd-highlight-underline lqd-highlight-grow-left text-decoration-default\"   >  POL\u0130T\u0130KALARIMIZ<\/h6><\/div><style>.ld_fancy_heading_69f4a6965d287 h2 {font-size:22vw; } @media (min-width: 768px) { .ld_fancy_heading_69f4a6965d287 h2 {font-size:132px; }  } .ld_fancy_heading_69f4a6965d287 h2 {line-height:0.85em; } .ld_fancy_heading_69f4a6965d287 h2 {--element-line-height:0.85em; } .ld_fancy_heading_69f4a6965d287 h2 {font-weight:500; } .ld_fancy_heading_69f4a6965d287 h2 {letter-spacing:-0.04em; } .ld_fancy_heading_69f4a6965d287 h2 {margin-bottom:0px !important;  } .ld_fancy_heading_69f4a6965d287 .lqd-highlight-inner{height:0.275em!important;bottom:0px!important;}.ld_fancy_heading_69f4a6965d287 h2 {font-size:22vw; } @media (min-width: 768px) { .ld_fancy_heading_69f4a6965d287 h2 {font-size:132px; }  } .ld_fancy_heading_69f4a6965d287 h2 {line-height:0.85em; } .ld_fancy_heading_69f4a6965d287 h2 {--element-line-height:0.85em; } .ld_fancy_heading_69f4a6965d287 h2 {font-weight:500; } .ld_fancy_heading_69f4a6965d287 h2 {letter-spacing:-0.04em; } .ld_fancy_heading_69f4a6965d287 h2 {margin-bottom:0px !important;  } <\/style><div class=\"ld-fancy-heading ld_fancy_heading_69f4a6965d287\">\n\t<h2 class=\"ld-fh-element lqd-highlight-underline lqd-highlight-grow-left text-decoration-default\"   >  Atako\u00e7<br \/>Kal\u0131p<\/h2><\/div>[\/vc_column][vc_column offset=&#8221;vc_col-md-4&#8243;][\/vc_column][\/vc_row][vc_row luminosity=&#8221;dark&#8221; parallax=&#8221;enable_parallax&#8221; bg_position=&#8221;center center&#8221; css=&#8221;.vc_custom_1610189269271{padding-top: 200px !important;padding-bottom: 200px !important;background-image: url(https:\/\/architecturehub.liquid-themes.com\/staging\/wp-content\/uploads\/2021\/01\/tree-grass-architecture-house-perspective-building-1099275-pxhere.com@2x.jpg?id=4593) !important;background-position: center;background-repeat: no-repeat;background-size:cover;}&#8221; responsive_css=&#8221;padding_top_medium:315px|padding_bottom_medium:315px|padding_top_small:275px|padding_bottom_small:275px&#8221;][vc_column][\/vc_column][\/vc_row][vc_row][vc_column][\/vc_column][\/vc_row][vc_row][vc_column]<style>.ld_fancy_heading_69f4a6965dcb7 .lqd-highlight-inner{height:0.275em!important;bottom:0px!important;}<\/style><div class=\"ld-fancy-heading ld_fancy_heading_69f4a6965dcb7\">\n\t<h1 class=\"ld-fh-element lqd-highlight-underline lqd-highlight-grow-left text-decoration-default\"   >  Politikalar\u0131m\u0131z<\/h1><\/div>[\/vc_column][\/vc_row][vc_row][vc_column][vc_column_text]<\/p>\n<div class=\"vc_row wpb_row vc_row-fluid\">\n<div class=\"wpb_column vc_column_container vc_col-sm-12\">\n<div class=\"vc_column-inner\">\n<div class=\"wpb_wrapper\">\n<div class=\"qodef-section-title-holder qodef-st-standard qodef-st-title-left qodef-st-normal-space \">\n<div class=\"qodef-st-inner\">\n<p class=\"qodef-st-text\">\u0130\u015f Sa\u011fl\u0131\u011f\u0131 ve G\u00fcvenli\u011fi Politikam\u0131z<\/p>\n<\/div>\n<\/div>\n<\/div>\n<\/div>\n<\/div>\n<\/div>\n<div class=\"vc_row wpb_row vc_row-fluid\">\n<div class=\"wpb_column vc_column_container vc_col-sm-12\">\n<div class=\"vc_column-inner\">\n<div class=\"wpb_wrapper\">\n<div class=\"wpb_text_column wpb_content_element \">\n<div class=\"wpb_wrapper\">\n<div id=\"mainHeader\">\n<p class=\"AnaBaslik\">Atako\u00e7 Kal\u0131p\u00a0 olarak benimsedi\u011fimiz <strong>\u201ctemiz, sa\u011fl\u0131kl\u0131 ve kaliteli \u00fcretim\u201d<\/strong>\u00a0slogan\u0131ndan hareketle, \u00fcst y\u00f6netim de dahil olmak \u00fczere t\u00fcm \u00e7al\u0131\u015fanlar\u0131m\u0131z da i\u015f sa\u011fl\u0131\u011f\u0131 ve g\u00fcvenli\u011fi konular\u0131nda gereken bilin\u00e7 ve k\u00fclt\u00fcr\u00fcn olu\u015fturulmas\u0131 hedefi ve t\u00fcm i\u015f kazalar\u0131n\u0131n ve meslek hastal\u0131klar\u0131n\u0131n \u00f6nlenebilir oldu\u011fu inanc\u0131 ile hareket etmekteyiz. Bu anlay\u0131\u015fla \u00e7al\u0131\u015fmalar\u0131m\u0131za y\u00f6n veriyor, kendimizi s\u00fcrekli iyile\u015ftiriyor ve a\u015fa\u011f\u0131daki ilkelere g\u00f6re hareket ediyoruz;<\/p>\n<\/div>\n<div>\n<ul class=\"splist\">\n<li>\u00c7al\u0131\u015fmalar\u0131n s\u00fcreklili\u011fi ad\u0131na OHSAS 18001 y\u00f6netim sisteminin \u015fartlar\u0131n\u0131 sa\u011flayan bir \u0130SG Y\u00f6netim Sistemi kurmak,<\/li>\n<li>T\u00fcm faaliyetlerimizde \u0130\u015f Sa\u011fl\u0131\u011f\u0131 ve G\u00fcvenli\u011fi ile ilgili yasal d\u00fczenlemelere uymak,<\/li>\n<li>T\u00fcm \u00e7al\u0131\u015fanlar\u0131m\u0131z\u0131n sa\u011fl\u0131k ve g\u00fcvenli\u011fini sa\u011flamak ad\u0131na e\u011fitmek ve bilin\u00e7lendirmek,<\/li>\n<li>T\u00fcm \u00e7al\u0131\u015fanlar\u0131m\u0131z\u0131n, tedarik\u00e7ilerimizin ve ziyaret\u00e7ilerimizin olu\u015fturulan \u0130SG kurallar\u0131na uymalar\u0131n\u0131 sa\u011flamak,<\/li>\n<li>\u0130\u015fletmelerimizde i\u015f kazas\u0131 ve meslek hastal\u0131\u011f\u0131 do\u011furabilecek etkenleri \u00f6nceden tespit etmek ve ortadan kald\u0131rmak,<\/li>\n<li>\u0130\u015f Sa\u011fl\u0131\u011f\u0131 ve G\u00fcvenli\u011fi y\u00f6netim sisteminin performans\u0131n\u0131 \u00f6l\u00e7mek ve performans\u0131 artt\u0131rmak ad\u0131na \u00e7al\u0131\u015fmalar yapmak,<\/li>\n<li>\u0130\u015f Sa\u011fl\u0131\u011f\u0131 ve G\u00fcvenli\u011fi konusunda teknolojik geli\u015fmeleri takip etmek ve yat\u0131r\u0131mlar\u0131m\u0131z\u0131 ona g\u00f6re y\u00f6nlendirmek,<\/li>\n<li>T\u00fcm s\u00fcre\u00e7lerimize \u00e7al\u0131\u015fanlar\u0131m\u0131z\u0131n ve tedarik\u00e7ilerimizin kat\u0131l\u0131m\u0131n\u0131 sa\u011flamak,<\/li>\n<\/ul>\n<p>Bu do\u011frultuda i\u015fletmelerimizde sa\u011fl\u0131kl\u0131 bir \u00e7al\u0131\u015fma ortam\u0131n\u0131n sa\u011flanmas\u0131 ad\u0131na \u00e7al\u0131\u015fmalar\u0131m\u0131za s\u00fcrekli devam edece\u011fimizi taahh\u00fct etmekteyiz.<\/p>\n<\/div>\n<\/div>\n<\/div>\n<\/div>\n<\/div>\n<\/div>\n<\/div>\n<p>[\/vc_column_text][\/vc_column][\/vc_row][vc_row][vc_column]<style>.ld_spacer_69f4a6965e027{height:50px;}<\/style>\n<div class=\"ld-empty-space ld_spacer_69f4a6965e027\"><\/div>[\/vc_column][\/vc_row]<\/p>\n","protected":false},"excerpt":{"rendered":"<p>[vc_row content_placement=&#8221;middle&#8221; css=&#8221;.vc_custom_1609935504167{margin-bottom: 35px !important;padding-top: 120px !important;}&#8221; el_class=&#8221;z-index-2&#8243; responsive_css=&#8221;margin_bottom_medium:-60px&#8221;][vc_column offset=&#8221;vc_col-md-7&#8243; responsive_css=&#8221;margin_bottom_medium:0px&#8221; css=&#8221;.vc_custom_1610189131952{margin-bottom: 20px !important;}&#8221;][\/vc_column][vc_column offset=&#8221;vc_col-md-4&#8243;][\/vc_column][\/vc_row][vc_row luminosity=&#8221;dark&#8221; parallax=&#8221;enable_parallax&#8221; bg_position=&#8221;center center&#8221; css=&#8221;.vc_custom_1610189269271{padding-top: 200px !important;padding-bottom: 200px !important;background-image: url(https:\/\/architecturehub.liquid-themes.com\/staging\/wp-content\/uploads\/2021\/01\/tree-grass-architecture-house-perspective-building-1099275-pxhere.com@2x.jpg?id=4593) !important;background-position: center;background-repeat: no-repeat;background-size:cover;}&#8221; responsive_css=&#8221;padding_top_medium:315px|padding_bottom_medium:315px|padding_top_small:275px|padding_bottom_small:275px&#8221;][vc_column][\/vc_column][\/vc_row][vc_row][vc_column][\/vc_column][\/vc_row][vc_row][vc_column][\/vc_column][\/vc_row][vc_row][vc_column][vc_column_text] \u0130\u015f Sa\u011fl\u0131\u011f\u0131 ve G\u00fcvenli\u011fi Politikam\u0131z Atako\u00e7 Kal\u0131p\u00a0 olarak benimsedi\u011fimiz \u201ctemiz, sa\u011fl\u0131kl\u0131 ve kaliteli \u00fcretim\u201d\u00a0slogan\u0131ndan hareketle, \u00fcst y\u00f6netim de dahil olmak \u00fczere t\u00fcm \u00e7al\u0131\u015fanlar\u0131m\u0131z da i\u015f sa\u011fl\u0131\u011f\u0131 [&hellip;]<\/p>\n","protected":false},"author":1,"featured_media":0,"parent":0,"menu_order":0,"comment_status":"closed","ping_status":"closed","template":"","meta":{"footnotes":""},"class_list":["post-5066","page","type-page","status-publish","hentry"],"_links":{"self":[{"href":"https:\/\/www.atakoc.com.tr\/tr\/wp-json\/wp\/v2\/pages\/5066","targetHints":{"allow":["GET"]}}],"collection":[{"href":"https:\/\/www.atakoc.com.tr\/tr\/wp-json\/wp\/v2\/pages"}],"about":[{"href":"https:\/\/www.atakoc.com.tr\/tr\/wp-json\/wp\/v2\/types\/page"}],"author":[{"embeddable":true,"href":"https:\/\/www.atakoc.com.tr\/tr\/wp-json\/wp\/v2\/users\/1"}],"replies":[{"embeddable":true,"href":"https:\/\/www.atakoc.com.tr\/tr\/wp-json\/wp\/v2\/comments?post=5066"}],"version-history":[{"count":6,"href":"https:\/\/www.atakoc.com.tr\/tr\/wp-json\/wp\/v2\/pages\/5066\/revisions"}],"predecessor-version":[{"id":5106,"href":"https:\/\/www.atakoc.com.tr\/tr\/wp-json\/wp\/v2\/pages\/5066\/revisions\/5106"}],"wp:attachment":[{"href":"https:\/\/www.atakoc.com.tr\/tr\/wp-json\/wp\/v2\/media?parent=5066"}],"curies":[{"name":"wp","href":"https:\/\/api.w.org\/{rel}","templated":true}]}}