{"id":5069,"date":"2025-02-12T08:27:45","date_gmt":"2025-02-12T08:27:45","guid":{"rendered":"https:\/\/www.atakoc.com.tr\/tr\/?page_id=5069"},"modified":"2025-02-12T08:32:13","modified_gmt":"2025-02-12T08:32:13","slug":"degerlerimiz","status":"publish","type":"page","link":"https:\/\/www.atakoc.com.tr\/tr\/degerlerimiz\/","title":{"rendered":"de\u011ferlerimiz"},"content":{"rendered":"<p>[vc_row content_placement=&#8221;middle&#8221; css=&#8221;.vc_custom_1609935504167{margin-bottom: 35px !important;padding-top: 120px !important;}&#8221; el_class=&#8221;z-index-2&#8243; responsive_css=&#8221;margin_bottom_medium:-60px&#8221;][vc_column offset=&#8221;vc_col-md-7&#8243; responsive_css=&#8221;margin_bottom_medium:0px&#8221; css=&#8221;.vc_custom_1610189131952{margin-bottom: 20px !important;}&#8221;]<style>.ld_fancy_heading_69f4a437b862f h6{color:rgb(0, 0, 0);}.ld_fancy_heading_69f4a437b862f h6 {font-size:10px; } .ld_fancy_heading_69f4a437b862f h6 {font-weight:700; } .ld_fancy_heading_69f4a437b862f h6 {letter-spacing:0.08em; } .ld_fancy_heading_69f4a437b862f h6 {margin-bottom:2em !important;  } .ld_fancy_heading_69f4a437b862f .lqd-highlight-inner{height:0.275em!important;bottom:0px!important;}.ld_fancy_heading_69f4a437b862f h6 {font-size:10px; } .ld_fancy_heading_69f4a437b862f h6 {font-weight:700; } .ld_fancy_heading_69f4a437b862f h6 {letter-spacing:0.08em; } .ld_fancy_heading_69f4a437b862f h6 {margin-bottom:2em !important;  } <\/style><div class=\"ld-fancy-heading text-uppercase ld_fancy_heading_69f4a437b862f\">\n\t<h6 class=\"ld-fh-element lqd-highlight-underline lqd-highlight-grow-left text-decoration-default\"   >  DE\u011eERLER\u0130M\u0130Z<\/h6><\/div><style>.ld_fancy_heading_69f4a437b8bcb h2 {font-size:22vw; } @media (min-width: 768px) { .ld_fancy_heading_69f4a437b8bcb h2 {font-size:132px; }  } .ld_fancy_heading_69f4a437b8bcb h2 {line-height:0.85em; } .ld_fancy_heading_69f4a437b8bcb h2 {--element-line-height:0.85em; } .ld_fancy_heading_69f4a437b8bcb h2 {font-weight:500; } .ld_fancy_heading_69f4a437b8bcb h2 {letter-spacing:-0.04em; } .ld_fancy_heading_69f4a437b8bcb h2 {margin-bottom:0px !important;  } .ld_fancy_heading_69f4a437b8bcb .lqd-highlight-inner{height:0.275em!important;bottom:0px!important;}.ld_fancy_heading_69f4a437b8bcb h2 {font-size:22vw; } @media (min-width: 768px) { .ld_fancy_heading_69f4a437b8bcb h2 {font-size:132px; }  } .ld_fancy_heading_69f4a437b8bcb h2 {line-height:0.85em; } .ld_fancy_heading_69f4a437b8bcb h2 {--element-line-height:0.85em; } .ld_fancy_heading_69f4a437b8bcb h2 {font-weight:500; } .ld_fancy_heading_69f4a437b8bcb h2 {letter-spacing:-0.04em; } .ld_fancy_heading_69f4a437b8bcb h2 {margin-bottom:0px !important;  } <\/style><div class=\"ld-fancy-heading ld_fancy_heading_69f4a437b8bcb\">\n\t<h2 class=\"ld-fh-element lqd-highlight-underline lqd-highlight-grow-left text-decoration-default\"   >  Atako\u00e7<br \/>Kal\u0131p<\/h2><\/div>[\/vc_column][vc_column offset=&#8221;vc_col-md-4&#8243;][\/vc_column][\/vc_row][vc_row luminosity=&#8221;dark&#8221; parallax=&#8221;enable_parallax&#8221; bg_position=&#8221;center center&#8221; css=&#8221;.vc_custom_1610189269271{padding-top: 200px !important;padding-bottom: 200px !important;background-image: url(https:\/\/architecturehub.liquid-themes.com\/staging\/wp-content\/uploads\/2021\/01\/tree-grass-architecture-house-perspective-building-1099275-pxhere.com@2x.jpg?id=4593) !important;background-position: center;background-repeat: no-repeat;background-size:cover;}&#8221; responsive_css=&#8221;padding_top_medium:315px|padding_bottom_medium:315px|padding_top_small:275px|padding_bottom_small:275px&#8221;][vc_column][\/vc_column][\/vc_row][vc_row][vc_column][\/vc_column][\/vc_row][vc_row][vc_column]<style>.ld_fancy_heading_69f4a437b91aa .lqd-highlight-inner{height:0.275em!important;bottom:0px!important;}<\/style><div class=\"ld-fancy-heading ld_fancy_heading_69f4a437b91aa\">\n\t<h1 class=\"ld-fh-element lqd-highlight-underline lqd-highlight-grow-left text-decoration-default\"   >  De\u011ferlerimiz<\/h1><\/div>[\/vc_column][\/vc_row][vc_row][vc_column][vc_column_text]<\/p>\n<div class=\"vc_row wpb_row vc_row-fluid\">\n<div class=\"wpb_column vc_column_container vc_col-sm-12\">\n<div class=\"vc_column-inner\">\n<div class=\"wpb_wrapper\">\n<div class=\"qodef-section-title-holder qodef-st-standard qodef-st-title-left qodef-st-normal-space \">\n<div class=\"qodef-st-inner\">\n<p class=\"qodef-st-text\">Kurumsal De\u011ferlerimiz<\/p>\n<\/div>\n<\/div>\n<\/div>\n<\/div>\n<\/div>\n<\/div>\n<div class=\"vc_row wpb_row vc_row-fluid\">\n<div class=\"wpb_column vc_column_container vc_col-sm-12\">\n<div class=\"vc_column-inner\">\n<div class=\"wpb_wrapper\">\n<div class=\"wpb_text_column wpb_content_element \">\n<div class=\"wpb_wrapper\">\n<div id=\"mainHeader\">\n<p><strong>Atako\u00e7 Kal\u0131p<\/strong> , insanlar\u0131n ya\u015fam kalitesini art\u0131ran daha ya\u015fanabilir, T\u00fcrk savunma sanayi i\u00e7in, sekt\u00f6r\u00fcndeki son teknolojiyi kullanarak g\u00fcvenilir ve m\u00fc\u015fteri ihtiya\u00e7lar\u0131n\u0131 kar\u015f\u0131layan \u00fcr\u00fcnleri, \u00e7evre ve sosyal sorumluluk bilinci ile \u00fcretmeyi kurumsal de\u011feri olarak kabul etmi\u015ftir.<\/p>\n<p>M\u00fc\u015fterileri ile uzun vadeli ili\u015fkiler kurmay\u0131 esas alan <strong>Atako\u00e7 Kal\u0131p<\/strong> kurulu\u015fundan bug\u00fcne kadar, g\u00fcvenilirli\u011fi ve kalitesi a\u00e7\u0131s\u0131ndan\u00a0 kendisini hem de sekt\u00f6r\u00fc daha ileriye ta\u015f\u0131ma noktas\u0131nda \u00f6nemli ad\u0131mlar atm\u0131\u015ft\u0131r ve bu adamlar\u0131 atmaya devam edecektir.<\/p>\n<\/div>\n<div>\n<p>Bu do\u011frultuda i\u015fletmelerimizde sa\u011fl\u0131kl\u0131 bir \u00e7al\u0131\u015fma ortam\u0131n\u0131n sa\u011flanmas\u0131 ad\u0131na \u00e7al\u0131\u015fmalar\u0131m\u0131za s\u00fcrekli devam edece\u011fimizi taahh\u00fct etmekteyiz.<\/p>\n<\/div>\n<\/div>\n<\/div>\n<\/div>\n<\/div>\n<\/div>\n<\/div>\n<p>[\/vc_column_text][\/vc_column][\/vc_row][vc_row][vc_column]<style>.ld_spacer_69f4a437b9391{height:50px;}<\/style>\n<div class=\"ld-empty-space ld_spacer_69f4a437b9391\"><\/div>[\/vc_column][\/vc_row]<\/p>\n","protected":false},"excerpt":{"rendered":"<p>[vc_row content_placement=&#8221;middle&#8221; css=&#8221;.vc_custom_1609935504167{margin-bottom: 35px !important;padding-top: 120px !important;}&#8221; el_class=&#8221;z-index-2&#8243; responsive_css=&#8221;margin_bottom_medium:-60px&#8221;][vc_column offset=&#8221;vc_col-md-7&#8243; responsive_css=&#8221;margin_bottom_medium:0px&#8221; css=&#8221;.vc_custom_1610189131952{margin-bottom: 20px !important;}&#8221;][\/vc_column][vc_column offset=&#8221;vc_col-md-4&#8243;][\/vc_column][\/vc_row][vc_row luminosity=&#8221;dark&#8221; parallax=&#8221;enable_parallax&#8221; bg_position=&#8221;center center&#8221; css=&#8221;.vc_custom_1610189269271{padding-top: 200px !important;padding-bottom: 200px !important;background-image: url(https:\/\/architecturehub.liquid-themes.com\/staging\/wp-content\/uploads\/2021\/01\/tree-grass-architecture-house-perspective-building-1099275-pxhere.com@2x.jpg?id=4593) !important;background-position: center;background-repeat: no-repeat;background-size:cover;}&#8221; responsive_css=&#8221;padding_top_medium:315px|padding_bottom_medium:315px|padding_top_small:275px|padding_bottom_small:275px&#8221;][vc_column][\/vc_column][\/vc_row][vc_row][vc_column][\/vc_column][\/vc_row][vc_row][vc_column][\/vc_column][\/vc_row][vc_row][vc_column][vc_column_text] Kurumsal De\u011ferlerimiz Atako\u00e7 Kal\u0131p , insanlar\u0131n ya\u015fam kalitesini art\u0131ran daha ya\u015fanabilir, T\u00fcrk savunma sanayi i\u00e7in, sekt\u00f6r\u00fcndeki son teknolojiyi kullanarak g\u00fcvenilir ve m\u00fc\u015fteri ihtiya\u00e7lar\u0131n\u0131 kar\u015f\u0131layan \u00fcr\u00fcnleri, \u00e7evre [&hellip;]<\/p>\n","protected":false},"author":1,"featured_media":0,"parent":0,"menu_order":0,"comment_status":"closed","ping_status":"closed","template":"","meta":{"footnotes":""},"class_list":["post-5069","page","type-page","status-publish","hentry"],"_links":{"self":[{"href":"https:\/\/www.atakoc.com.tr\/tr\/wp-json\/wp\/v2\/pages\/5069","targetHints":{"allow":["GET"]}}],"collection":[{"href":"https:\/\/www.atakoc.com.tr\/tr\/wp-json\/wp\/v2\/pages"}],"about":[{"href":"https:\/\/www.atakoc.com.tr\/tr\/wp-json\/wp\/v2\/types\/page"}],"author":[{"embeddable":true,"href":"https:\/\/www.atakoc.com.tr\/tr\/wp-json\/wp\/v2\/users\/1"}],"replies":[{"embeddable":true,"href":"https:\/\/www.atakoc.com.tr\/tr\/wp-json\/wp\/v2\/comments?post=5069"}],"version-history":[{"count":3,"href":"https:\/\/www.atakoc.com.tr\/tr\/wp-json\/wp\/v2\/pages\/5069\/revisions"}],"predecessor-version":[{"id":5072,"href":"https:\/\/www.atakoc.com.tr\/tr\/wp-json\/wp\/v2\/pages\/5069\/revisions\/5072"}],"wp:attachment":[{"href":"https:\/\/www.atakoc.com.tr\/tr\/wp-json\/wp\/v2\/media?parent=5069"}],"curies":[{"name":"wp","href":"https:\/\/api.w.org\/{rel}","templated":true}]}}