{"id":5079,"date":"2025-02-12T08:37:57","date_gmt":"2025-02-12T08:37:57","guid":{"rendered":"https:\/\/www.atakoc.com.tr\/tr\/?page_id=5079"},"modified":"2025-02-12T09:00:49","modified_gmt":"2025-02-12T09:00:49","slug":"makina-parkurumuz","status":"publish","type":"page","link":"https:\/\/www.atakoc.com.tr\/tr\/makina-parkurumuz\/","title":{"rendered":"makina parkurumuz"},"content":{"rendered":"<p>[vc_row content_placement=&#8221;middle&#8221; css=&#8221;.vc_custom_1609935504167{margin-bottom: 35px !important;padding-top: 120px !important;}&#8221; el_class=&#8221;z-index-2&#8243; responsive_css=&#8221;margin_bottom_medium:-60px&#8221;][vc_column offset=&#8221;vc_col-md-7&#8243; responsive_css=&#8221;margin_bottom_medium:0px&#8221; css=&#8221;.vc_custom_1610189131952{margin-bottom: 20px !important;}&#8221;]<style>.ld_fancy_heading_69f4a6ff01758 h6{color:rgb(0, 0, 0);}.ld_fancy_heading_69f4a6ff01758 h6 {font-size:10px; } .ld_fancy_heading_69f4a6ff01758 h6 {font-weight:700; } .ld_fancy_heading_69f4a6ff01758 h6 {letter-spacing:0.08em; } .ld_fancy_heading_69f4a6ff01758 h6 {margin-bottom:2em !important;  } .ld_fancy_heading_69f4a6ff01758 .lqd-highlight-inner{height:0.275em!important;bottom:0px!important;}.ld_fancy_heading_69f4a6ff01758 h6 {font-size:10px; } .ld_fancy_heading_69f4a6ff01758 h6 {font-weight:700; } .ld_fancy_heading_69f4a6ff01758 h6 {letter-spacing:0.08em; } .ld_fancy_heading_69f4a6ff01758 h6 {margin-bottom:2em !important;  } <\/style><div class=\"ld-fancy-heading text-uppercase ld_fancy_heading_69f4a6ff01758\">\n\t<h6 class=\"ld-fh-element lqd-highlight-underline lqd-highlight-grow-left text-decoration-default\"   >  MAK\u0130NA PARKURU<\/h6><\/div><style>.ld_fancy_heading_69f4a6ff020dd h2 {font-size:22vw; } @media (min-width: 768px) { .ld_fancy_heading_69f4a6ff020dd h2 {font-size:132px; }  } .ld_fancy_heading_69f4a6ff020dd h2 {line-height:0.85em; } .ld_fancy_heading_69f4a6ff020dd h2 {--element-line-height:0.85em; } .ld_fancy_heading_69f4a6ff020dd h2 {font-weight:500; } .ld_fancy_heading_69f4a6ff020dd h2 {letter-spacing:-0.04em; } .ld_fancy_heading_69f4a6ff020dd h2 {margin-bottom:0px !important;  } .ld_fancy_heading_69f4a6ff020dd .lqd-highlight-inner{height:0.275em!important;bottom:0px!important;}.ld_fancy_heading_69f4a6ff020dd h2 {font-size:22vw; } @media (min-width: 768px) { .ld_fancy_heading_69f4a6ff020dd h2 {font-size:132px; }  } .ld_fancy_heading_69f4a6ff020dd h2 {line-height:0.85em; } .ld_fancy_heading_69f4a6ff020dd h2 {--element-line-height:0.85em; } .ld_fancy_heading_69f4a6ff020dd h2 {font-weight:500; } .ld_fancy_heading_69f4a6ff020dd h2 {letter-spacing:-0.04em; } .ld_fancy_heading_69f4a6ff020dd h2 {margin-bottom:0px !important;  } <\/style><div class=\"ld-fancy-heading ld_fancy_heading_69f4a6ff020dd\">\n\t<h2 class=\"ld-fh-element lqd-highlight-underline lqd-highlight-grow-left text-decoration-default\"   >  Atako\u00e7<br \/>Kal\u0131p<\/h2><\/div>[\/vc_column][vc_column offset=&#8221;vc_col-md-4&#8243;][\/vc_column][\/vc_row][vc_row luminosity=&#8221;dark&#8221; parallax=&#8221;enable_parallax&#8221; bg_position=&#8221;center center&#8221; css=&#8221;.vc_custom_1610189269271{padding-top: 200px !important;padding-bottom: 200px !important;background-image: url(https:\/\/architecturehub.liquid-themes.com\/staging\/wp-content\/uploads\/2021\/01\/tree-grass-architecture-house-perspective-building-1099275-pxhere.com@2x.jpg?id=4593) !important;background-position: center;background-repeat: no-repeat;background-size:cover;}&#8221; responsive_css=&#8221;padding_top_medium:315px|padding_bottom_medium:315px|padding_top_small:275px|padding_bottom_small:275px&#8221;][vc_column][\/vc_column][\/vc_row][vc_row][vc_column][\/vc_column][\/vc_row][vc_row][vc_column]<style>.ld_fancy_heading_69f4a6ff02af8 .lqd-highlight-inner{height:0.275em!important;bottom:0px!important;}<\/style><div class=\"ld-fancy-heading ld_fancy_heading_69f4a6ff02af8\">\n\t<h1 class=\"ld-fh-element lqd-highlight-underline lqd-highlight-grow-left text-decoration-default\"   >  Makina Parkuru<\/h1><\/div>[\/vc_column][\/vc_row][vc_row][vc_column][vc_column_text]<\/p>\n<div>Y\u00fcksek kaliteli \u00fcretim s\u00fcre\u00e7lerimizi destekleyen modern bir makine parkuruna sahibiz. Her biri sekt\u00f6rdeki en son teknolojilere sahip olan makinelerimiz, y\u00fcksek hassasiyet ve verimlilik sunarak m\u00fc\u015fteri taleplerini en iyi \u015fekilde kar\u015f\u0131lamaktad\u0131r.Makine parkurumuz,<\/div>\n<div>CNC tezgahlar\u0131, hassas i\u015fleme makineleri ve otomatik montaj hatlar\u0131ndan olu\u015fmaktad\u0131r. Bu geni\u015f yelpazede, karma\u015f\u0131k par\u00e7alar\u0131n \u00fcretiminden y\u00fcksek hassasiyet gerektiren kal\u0131plara kadar \u00e7e\u015fitli uygulamalara uygun \u00e7\u00f6z\u00fcmler sunuyoruz. Makinelerimizin her biri, kalite kontrol s\u00fcre\u00e7lerimizle entegre bir \u015fekilde \u00e7al\u0131\u015farak, \u00fcr\u00fcnlerimizin her a\u015famas\u0131nda y\u00fcksek standartlar\u0131 sa\u011flamaktad\u0131r.<\/div>\n<div>Ekipmanlar\u0131m\u0131z, i\u015f g\u00fcc\u00fcn\u00fcn verimlili\u011fini art\u0131racak \u015fekilde tasarlanm\u0131\u015f olup, \u00fcretim s\u00fcreklili\u011fini ve h\u0131zl\u0131 teslimat s\u00fcrelerini garanti etmektedir. Ayr\u0131ca, s\u00fcrekli olarak g\u00fcncellenen teknolojimiz sayesinde, sekt\u00f6rdeki geli\u015fmelere h\u0131zla adapte olabilmekteyiz.<\/div>\n<p>[\/vc_column_text][\/vc_column][\/vc_row][vc_row][vc_column]<style>.ld_spacer_69f4a6ff02e4b{height:50px;}<\/style>\n<div class=\"ld-empty-space ld_spacer_69f4a6ff02e4b\"><\/div>[\/vc_column][\/vc_row]<\/p>\n","protected":false},"excerpt":{"rendered":"<p>[vc_row content_placement=&#8221;middle&#8221; css=&#8221;.vc_custom_1609935504167{margin-bottom: 35px !important;padding-top: 120px !important;}&#8221; el_class=&#8221;z-index-2&#8243; responsive_css=&#8221;margin_bottom_medium:-60px&#8221;][vc_column offset=&#8221;vc_col-md-7&#8243; responsive_css=&#8221;margin_bottom_medium:0px&#8221; css=&#8221;.vc_custom_1610189131952{margin-bottom: 20px !important;}&#8221;][\/vc_column][vc_column offset=&#8221;vc_col-md-4&#8243;][\/vc_column][\/vc_row][vc_row luminosity=&#8221;dark&#8221; parallax=&#8221;enable_parallax&#8221; bg_position=&#8221;center center&#8221; css=&#8221;.vc_custom_1610189269271{padding-top: 200px !important;padding-bottom: 200px !important;background-image: url(https:\/\/architecturehub.liquid-themes.com\/staging\/wp-content\/uploads\/2021\/01\/tree-grass-architecture-house-perspective-building-1099275-pxhere.com@2x.jpg?id=4593) !important;background-position: center;background-repeat: no-repeat;background-size:cover;}&#8221; responsive_css=&#8221;padding_top_medium:315px|padding_bottom_medium:315px|padding_top_small:275px|padding_bottom_small:275px&#8221;][vc_column][\/vc_column][\/vc_row][vc_row][vc_column][\/vc_column][\/vc_row][vc_row][vc_column][\/vc_column][\/vc_row][vc_row][vc_column][vc_column_text] Y\u00fcksek kaliteli \u00fcretim s\u00fcre\u00e7lerimizi destekleyen modern bir makine parkuruna sahibiz. Her biri sekt\u00f6rdeki en son teknolojilere sahip olan makinelerimiz, y\u00fcksek hassasiyet ve verimlilik sunarak m\u00fc\u015fteri taleplerini [&hellip;]<\/p>\n","protected":false},"author":1,"featured_media":0,"parent":0,"menu_order":0,"comment_status":"closed","ping_status":"closed","template":"","meta":{"footnotes":""},"class_list":["post-5079","page","type-page","status-publish","hentry"],"_links":{"self":[{"href":"https:\/\/www.atakoc.com.tr\/tr\/wp-json\/wp\/v2\/pages\/5079","targetHints":{"allow":["GET"]}}],"collection":[{"href":"https:\/\/www.atakoc.com.tr\/tr\/wp-json\/wp\/v2\/pages"}],"about":[{"href":"https:\/\/www.atakoc.com.tr\/tr\/wp-json\/wp\/v2\/types\/page"}],"author":[{"embeddable":true,"href":"https:\/\/www.atakoc.com.tr\/tr\/wp-json\/wp\/v2\/users\/1"}],"replies":[{"embeddable":true,"href":"https:\/\/www.atakoc.com.tr\/tr\/wp-json\/wp\/v2\/comments?post=5079"}],"version-history":[{"count":3,"href":"https:\/\/www.atakoc.com.tr\/tr\/wp-json\/wp\/v2\/pages\/5079\/revisions"}],"predecessor-version":[{"id":5101,"href":"https:\/\/www.atakoc.com.tr\/tr\/wp-json\/wp\/v2\/pages\/5079\/revisions\/5101"}],"wp:attachment":[{"href":"https:\/\/www.atakoc.com.tr\/tr\/wp-json\/wp\/v2\/media?parent=5079"}],"curies":[{"name":"wp","href":"https:\/\/api.w.org\/{rel}","templated":true}]}}