{"id":5080,"date":"2025-02-12T08:37:43","date_gmt":"2025-02-12T08:37:43","guid":{"rendered":"https:\/\/www.atakoc.com.tr\/tr\/?page_id=5080"},"modified":"2025-02-12T08:52:24","modified_gmt":"2025-02-12T08:52:24","slug":"referanslar","status":"publish","type":"page","link":"https:\/\/www.atakoc.com.tr\/tr\/referanslar\/","title":{"rendered":"referanslar"},"content":{"rendered":"<p>[vc_row content_placement=&#8221;middle&#8221; css=&#8221;.vc_custom_1609935504167{margin-bottom: 35px !important;padding-top: 120px !important;}&#8221; el_class=&#8221;z-index-2&#8243; responsive_css=&#8221;margin_bottom_medium:-60px&#8221;][vc_column offset=&#8221;vc_col-md-7&#8243; responsive_css=&#8221;margin_bottom_medium:0px&#8221; css=&#8221;.vc_custom_1610189131952{margin-bottom: 20px !important;}&#8221;]<style>.ld_fancy_heading_69f4a38f3b7a9 h6{color:rgb(0, 0, 0);}.ld_fancy_heading_69f4a38f3b7a9 h6 {font-size:10px; } .ld_fancy_heading_69f4a38f3b7a9 h6 {font-weight:700; } .ld_fancy_heading_69f4a38f3b7a9 h6 {letter-spacing:0.08em; } .ld_fancy_heading_69f4a38f3b7a9 h6 {margin-bottom:2em !important;  } .ld_fancy_heading_69f4a38f3b7a9 .lqd-highlight-inner{height:0.275em!important;bottom:0px!important;}.ld_fancy_heading_69f4a38f3b7a9 h6 {font-size:10px; } .ld_fancy_heading_69f4a38f3b7a9 h6 {font-weight:700; } .ld_fancy_heading_69f4a38f3b7a9 h6 {letter-spacing:0.08em; } .ld_fancy_heading_69f4a38f3b7a9 h6 {margin-bottom:2em !important;  } <\/style><div class=\"ld-fancy-heading text-uppercase ld_fancy_heading_69f4a38f3b7a9\">\n\t<h6 class=\"ld-fh-element lqd-highlight-underline lqd-highlight-grow-left text-decoration-default\"   >  REFERANSLAR<\/h6><\/div><style>.ld_fancy_heading_69f4a38f3bd33 h2 {font-size:22vw; } @media (min-width: 768px) { .ld_fancy_heading_69f4a38f3bd33 h2 {font-size:132px; }  } .ld_fancy_heading_69f4a38f3bd33 h2 {line-height:0.85em; } .ld_fancy_heading_69f4a38f3bd33 h2 {--element-line-height:0.85em; } .ld_fancy_heading_69f4a38f3bd33 h2 {font-weight:500; } .ld_fancy_heading_69f4a38f3bd33 h2 {letter-spacing:-0.04em; } .ld_fancy_heading_69f4a38f3bd33 h2 {margin-bottom:0px !important;  } .ld_fancy_heading_69f4a38f3bd33 .lqd-highlight-inner{height:0.275em!important;bottom:0px!important;}.ld_fancy_heading_69f4a38f3bd33 h2 {font-size:22vw; } @media (min-width: 768px) { .ld_fancy_heading_69f4a38f3bd33 h2 {font-size:132px; }  } .ld_fancy_heading_69f4a38f3bd33 h2 {line-height:0.85em; } .ld_fancy_heading_69f4a38f3bd33 h2 {--element-line-height:0.85em; } .ld_fancy_heading_69f4a38f3bd33 h2 {font-weight:500; } .ld_fancy_heading_69f4a38f3bd33 h2 {letter-spacing:-0.04em; } .ld_fancy_heading_69f4a38f3bd33 h2 {margin-bottom:0px !important;  } <\/style><div class=\"ld-fancy-heading ld_fancy_heading_69f4a38f3bd33\">\n\t<h2 class=\"ld-fh-element lqd-highlight-underline lqd-highlight-grow-left text-decoration-default\"   >  Atako\u00e7<br \/>Kal\u0131p<\/h2><\/div>[\/vc_column][vc_column offset=&#8221;vc_col-md-4&#8243;][\/vc_column][\/vc_row][vc_row luminosity=&#8221;dark&#8221; parallax=&#8221;enable_parallax&#8221; bg_position=&#8221;center center&#8221; css=&#8221;.vc_custom_1610189269271{padding-top: 200px !important;padding-bottom: 200px !important;background-image: url(https:\/\/architecturehub.liquid-themes.com\/staging\/wp-content\/uploads\/2021\/01\/tree-grass-architecture-house-perspective-building-1099275-pxhere.com@2x.jpg?id=4593) !important;background-position: center;background-repeat: no-repeat;background-size:cover;}&#8221; responsive_css=&#8221;padding_top_medium:315px|padding_bottom_medium:315px|padding_top_small:275px|padding_bottom_small:275px&#8221;][vc_column][\/vc_column][\/vc_row][vc_row][vc_column][\/vc_column][\/vc_row][vc_row][vc_column]<style>.ld_fancy_heading_69f4a38f3c33a .lqd-highlight-inner{height:0.275em!important;bottom:0px!important;}<\/style><div class=\"ld-fancy-heading ld_fancy_heading_69f4a38f3c33a\">\n\t<h1 class=\"ld-fh-element lqd-highlight-underline lqd-highlight-grow-left text-decoration-default\"   >  Referanslar<\/h1><\/div>[\/vc_column][\/vc_row][vc_row][vc_column][vc_column_text]Hmay Makina\u00a0 \u00e7\u00f6z\u00fcm ortaklar\u0131n\u0131n ihtiyac\u0131na uygun ve imalat sanayinde en y\u00fcksek verimi alabilece\u011fi \u00fcr\u00fcn ve \u00e7\u00f6z\u00fcmleri sayesinde, T\u00fcrkiye savunma sanayine y\u00f6n veren\u00a0<strong>30\u2019dan fazla firmaya\u00a0<\/strong>\u00e7\u00f6z\u00fcm ortakl\u0131\u011f\u0131 sunmaktad\u0131r.[\/vc_column_text][\/vc_column][\/vc_row][vc_row][vc_column]<style>.ld_spacer_69f4a38f3c51c{height:50px;}<\/style>\n<div class=\"ld-empty-space ld_spacer_69f4a38f3c51c\"><\/div>[\/vc_column][\/vc_row]<\/p>\n","protected":false},"excerpt":{"rendered":"<p>[vc_row content_placement=&#8221;middle&#8221; css=&#8221;.vc_custom_1609935504167{margin-bottom: 35px !important;padding-top: 120px !important;}&#8221; el_class=&#8221;z-index-2&#8243; responsive_css=&#8221;margin_bottom_medium:-60px&#8221;][vc_column offset=&#8221;vc_col-md-7&#8243; responsive_css=&#8221;margin_bottom_medium:0px&#8221; css=&#8221;.vc_custom_1610189131952{margin-bottom: 20px !important;}&#8221;][\/vc_column][vc_column offset=&#8221;vc_col-md-4&#8243;][\/vc_column][\/vc_row][vc_row luminosity=&#8221;dark&#8221; parallax=&#8221;enable_parallax&#8221; bg_position=&#8221;center center&#8221; css=&#8221;.vc_custom_1610189269271{padding-top: 200px !important;padding-bottom: 200px !important;background-image: url(https:\/\/architecturehub.liquid-themes.com\/staging\/wp-content\/uploads\/2021\/01\/tree-grass-architecture-house-perspective-building-1099275-pxhere.com@2x.jpg?id=4593) !important;background-position: center;background-repeat: no-repeat;background-size:cover;}&#8221; responsive_css=&#8221;padding_top_medium:315px|padding_bottom_medium:315px|padding_top_small:275px|padding_bottom_small:275px&#8221;][vc_column][\/vc_column][\/vc_row][vc_row][vc_column][\/vc_column][\/vc_row][vc_row][vc_column][\/vc_column][\/vc_row][vc_row][vc_column][vc_column_text]Hmay Makina\u00a0 \u00e7\u00f6z\u00fcm ortaklar\u0131n\u0131n ihtiyac\u0131na uygun ve imalat sanayinde en y\u00fcksek verimi alabilece\u011fi \u00fcr\u00fcn ve \u00e7\u00f6z\u00fcmleri sayesinde, T\u00fcrkiye savunma sanayine y\u00f6n veren\u00a030\u2019dan fazla firmaya\u00a0\u00e7\u00f6z\u00fcm ortakl\u0131\u011f\u0131 sunmaktad\u0131r.[\/vc_column_text][\/vc_column][\/vc_row][vc_row][vc_column][\/vc_column][\/vc_row]<\/p>\n","protected":false},"author":1,"featured_media":0,"parent":0,"menu_order":0,"comment_status":"closed","ping_status":"closed","template":"","meta":{"footnotes":""},"class_list":["post-5080","page","type-page","status-publish","hentry"],"_links":{"self":[{"href":"https:\/\/www.atakoc.com.tr\/tr\/wp-json\/wp\/v2\/pages\/5080","targetHints":{"allow":["GET"]}}],"collection":[{"href":"https:\/\/www.atakoc.com.tr\/tr\/wp-json\/wp\/v2\/pages"}],"about":[{"href":"https:\/\/www.atakoc.com.tr\/tr\/wp-json\/wp\/v2\/types\/page"}],"author":[{"embeddable":true,"href":"https:\/\/www.atakoc.com.tr\/tr\/wp-json\/wp\/v2\/users\/1"}],"replies":[{"embeddable":true,"href":"https:\/\/www.atakoc.com.tr\/tr\/wp-json\/wp\/v2\/comments?post=5080"}],"version-history":[{"count":3,"href":"https:\/\/www.atakoc.com.tr\/tr\/wp-json\/wp\/v2\/pages\/5080\/revisions"}],"predecessor-version":[{"id":5090,"href":"https:\/\/www.atakoc.com.tr\/tr\/wp-json\/wp\/v2\/pages\/5080\/revisions\/5090"}],"wp:attachment":[{"href":"https:\/\/www.atakoc.com.tr\/tr\/wp-json\/wp\/v2\/media?parent=5080"}],"curies":[{"name":"wp","href":"https:\/\/api.w.org\/{rel}","templated":true}]}}